{"id":104,"date":"2013-12-24T13:54:48","date_gmt":"2013-12-24T12:54:48","guid":{"rendered":"http:\/\/sanboin.mahajana.net\/?page_id=104"},"modified":"2013-12-26T05:42:34","modified_gmt":"2013-12-26T04:42:34","slug":"okres-xix-wieku-2","status":"publish","type":"page","link":"https:\/\/sanboin.mahajana.pl\/?page_id=104","title":{"rendered":"Okres XIX wieku"},"content":{"rendered":"<p>Na&nbsp;prze\u0142omie okresu Edo (1600-1868) i&nbsp;ery Meiji (1868-1912) buddyzm instytucjonalny w&nbsp;Japonii musia\u0142 stawi\u0107 czo\u0142o najsilniejszemu atakowi w&nbsp;swej dotychczasowej historii. W&nbsp;rezultacie doprowadzi\u0142o to&nbsp;do&nbsp;ca\u0142kowitej reorganizacji struktur religijnych i&nbsp;zupe\u0142nie nowych relacji ze&nbsp;\u015bwieck\u0105 cz\u0119\u015bci\u0105 spo\u0142ecze\u0144stwa.<\/p>\n<p>Wewn\u0119trzna s\u0142abo\u015b\u0107, polityczne prze\u015bladowanie, brak popularno\u015bci w\u015br\u00f3d spo\u0142ecze\u0144stwa oraz&nbsp;konieczno\u015b\u0107 ustosunkowania si\u0119 do&nbsp;coraz szybciej rozwijaj\u0105cego si\u0119 chrze\u015bcija\u0144stwa \u2013 spowodowa\u0142y, \u017ce&nbsp;r\u00f3\u017cne od\u0142amy religii buddyjskiej zmuszone by\u0142y do&nbsp;przeprowadzenia wewn\u0119trznych reform, by&nbsp;sprosta\u0107 wymaganiom czasu i&nbsp;przetrwa\u0107. Dla buddyzmu japo\u0144skiego by\u0142 to&nbsp;moment zwrotny w&nbsp;ca\u0142ej historii tej&nbsp;religii, kt\u00f3ry&nbsp;pokazywa\u0142 na&nbsp;ile poszczeg\u00f3lne szko\u0142y buddyjskie s\u0105 elastyczne i&nbsp;gotowe na&nbsp;to, by&nbsp;obra\u0107 nowy kierunek rozwoju.<\/p>\n<p>Szko\u0142a s\u014dt\u014d zen\u00a0nie stanowi\u0142a pod&nbsp;tym wzgl\u0119dem wyj\u0105tku. Wydanie Shush\u014dgi w&nbsp;1890 roku by\u0142o cz\u0119\u015bci\u0105 zakrojonego na&nbsp;szerok\u0105 skal\u0119 programu reformatorskiego b\u0119d\u0105cego swoist\u0105 form\u0105 odpowiedzi na&nbsp;sytuacj\u0119 zaistnia\u0142\u0105 w&nbsp;kraju oraz&nbsp;po\u0142o\u017cenie, w&nbsp;jakim znalaz\u0142 si\u0119 w\u00f3wczas buddyzm. I&nbsp;tak&nbsp;w&nbsp;1882 roku Sendanrin, akademia utworzona w&nbsp;1592 roku na&nbsp;terenie \u015bwi\u0105tyni Kichijoji w&nbsp;Surugadai, zosta\u0142a przeniesiona do&nbsp;Tokio i&nbsp;przemianowana na&nbsp;Uniwersytet Komazawa pod&nbsp;patronatem s\u014dt\u014d. Pr\u00f3bowano na&nbsp;szersz\u0105 skal\u0119 przeprowadzi\u0107 modernizacj\u0119, aby nie&nbsp;ogranicza\u0107 si\u0119 tylko&nbsp;i&nbsp;wy\u0142\u0105cznie do&nbsp;odprawiania ceremonii pogrzebowych. Od&nbsp;strony duchowej starano si\u0119 podnie\u015b\u0107 poziom praktyki organizuj\u0105c w&nbsp;klasztorach szkolenia w&nbsp;siedz\u0105cej medytacji. Zacz\u0119to organizowa\u0107 zgromadzenia instrukta\u017cowe oraz&nbsp;stowarzyszenia dla \u015bwieckich wyznawc\u00f3w, kt\u00f3rych&nbsp;celem by\u0142o instruowanie wiernych w&nbsp;duchu s\u014dt\u014d. Jednym z&nbsp;najwcze\u015bniejszych dokument\u00f3w reguluj\u0105cych polityk\u0119 s\u014dt\u014d jest Istota tego, czym jest urz\u0105d przewodnika w&nbsp;nauce opublikowany przez&nbsp;dwa g\u0142\u00f3wne klasztory s\u014dt\u014d, Eiheji i&nbsp;S\u014djiji, 7 lipca 1872 roku. Dokument \u00f3w wymienia w&nbsp;jedenastu artyku\u0142ach dyrektywy obowi\u0105zuj\u0105ce kler w&nbsp;zakresie wzajemnych relacji i&nbsp;nauczania \u015bwieckich. W&nbsp;roku 1876 szko\u0142a s\u014dt\u014d zosta\u0142a oficjalnie uznana przez&nbsp;rz\u0105d jako niezale\u017cna buddyjska organizacja religijna, co sta\u0142o si\u0119 silnym bod\u017acem do&nbsp;stworzenia stabilniejszego fundamentu w\u0142asnej organizacji. 20 pa\u017adziernika tego samego roku wydano Regu\u0142y dotycz\u0105ce zgromadze\u0144 nauczania s\u014dt\u014d, kt\u00f3re szczeg\u00f3lny nacisk k\u0142ad\u0142y na&nbsp;odpowiednie nauczanie kaznodziei, sprawuj\u0105cych piecz\u0119 nad&nbsp;\u015bwieckimi wyznawcami.<\/p>\n<p>Jedn\u0105 z&nbsp;najbardziej pr\u0119\u017cnych \u015bwieckich organizacji pa\u0144stwowych by\u0142a Organizacja wspieraj\u0105ca szko\u0142\u0119 s\u014dt\u014d, kt\u00f3ra&nbsp;mia\u0142a swoje o\u015brodki w&nbsp;r\u00f3\u017cnych cz\u0119\u015bciach kraju i&nbsp;silnie zaanga\u017cowana by\u0142a w&nbsp;r\u00f3\u017cnego rodzaju dzia\u0142alno\u015b\u0107 spo\u0142eczn\u0105, przede wszystkim skupia\u0142a si\u0119 na&nbsp;niesieniu pomocy chorym, biednym oraz&nbsp;poszkodowanym w&nbsp;wypadkach. Kluczow\u0105 rol\u0119 w&nbsp;stowarzyszeniu odegra\u0142 \u014cuchi Seiran (1845-1918), redaktor w&nbsp;wydawnictwie buddyjskim, a&nbsp;zarazem jeden z&nbsp;czo\u0142owych reformator\u00f3w buddyzmu w&nbsp;erze Meiji. Stara\u0142 si\u0119 on organizowa\u0107 konferencje, kursy edukacyjne oraz&nbsp;wydawa\u0107 publikacje, takie jak np.&nbsp;czasopismo skupione wok\u00f3\u0142 organizacji wspieraj\u0105cej szko\u0142\u0119 s\u014dt\u014d i&nbsp;propagowa\u0107 nauki buddyjskie zar\u00f3wno w\u015br\u00f3d mnich\u00f3w jak i&nbsp;w&nbsp;kr\u0119gach \u015bwieckich. Za\u0142o\u017ceniem periodyku by\u0142o r\u00f3wnie\u017c szkolenie wyznawc\u00f3w tak, aby osi\u0105gn\u0119li spok\u00f3j umys\u0142u w&nbsp;oparciu o&nbsp;doktryn\u0119 szko\u0142y dzi\u0119ki zasadzie \u201ewrodzonego przebudzenia i&nbsp;cudownej praktyki\u201d. Owocem dzia\u0142alno\u015bci towarzystwa by\u0142o wydanie w&nbsp;1888 roku\u00a0<i>Znaczenia praktyki-i-przebudzenia dla \u015bwieckich wyznawc\u00f3w w&nbsp;tradycji s\u014dt\u014d<\/i>. By\u0142 to&nbsp;zbi\u00f3r fragment\u00f3w pochodz\u0105cych w&nbsp;wi\u0119kszo\u015bci z\u00a0<i>Sh\u014db\u014dgenz\u014d<\/i>\u00a0D\u014dgena, za\u0142o\u017cyciela szko\u0142y, oraz\u00a0<i>Sutry sieci Brahmy<\/i>\u00a0u\u0142o\u017cone w&nbsp;ca\u0142o\u015b\u0107, tym samym prezentuj\u0105ce w&nbsp;prosty spos\u00f3b sedno nauk zen s\u014dt\u014d i&nbsp;ukazuj\u0105cy w&nbsp;jasny spos\u00f3b nacisk, jaki zacz\u0119to k\u0142a\u015b\u0107 na&nbsp;propagowanie doktryny po\u015br\u00f3d \u015bwieckich wyznawc\u00f3w.<\/p>\n","protected":false},"excerpt":{"rendered":"<p>Na&nbsp;prze\u0142omie okresu Edo (1600-1868) i&nbsp;ery Meiji (1868-1912) buddyzm instytucjonalny w&nbsp;Japonii musia\u0142 stawi\u0107 czo\u0142o najsilniejszemu atakowi<a class=\"post_read_more\" href=\"https:\/\/sanboin.mahajana.pl\/?page_id=104\">Czytaj dalej<\/a><\/p>\n","protected":false},"author":1,"featured_media":0,"parent":9,"menu_order":0,"comment_status":"closed","ping_status":"closed","template":"","meta":[],"_links":{"self":[{"href":"https:\/\/sanboin.mahajana.pl\/index.php?rest_route=\/wp\/v2\/pages\/104"}],"collection":[{"href":"https:\/\/sanboin.mahajana.pl\/index.php?rest_route=\/wp\/v2\/pages"}],"about":[{"href":"https:\/\/sanboin.mahajana.pl\/index.php?rest_route=\/wp\/v2\/types\/page"}],"author":[{"embeddable":true,"href":"https:\/\/sanboin.mahajana.pl\/index.php?rest_route=\/wp\/v2\/users\/1"}],"replies":[{"embeddable":true,"href":"https:\/\/sanboin.mahajana.pl\/index.php?rest_route=%2Fwp%2Fv2%2Fcomments&post=104"}],"version-history":[{"count":2,"href":"https:\/\/sanboin.mahajana.pl\/index.php?rest_route=\/wp\/v2\/pages\/104\/revisions"}],"predecessor-version":[{"id":299,"href":"https:\/\/sanboin.mahajana.pl\/index.php?rest_route=\/wp\/v2\/pages\/104\/revisions\/299"}],"up":[{"embeddable":true,"href":"https:\/\/sanboin.mahajana.pl\/index.php?rest_route=\/wp\/v2\/pages\/9"}],"wp:attachment":[{"href":"https:\/\/sanboin.mahajana.pl\/index.php?rest_route=%2Fwp%2Fv2%2Fmedia&parent=104"}],"curies":[{"name":"wp","href":"https:\/\/api.w.org\/{rel}","templated":true}]}}