{"id":110,"date":"2013-12-24T14:01:42","date_gmt":"2013-12-24T13:01:42","guid":{"rendered":"http:\/\/sanboin.mahajana.net\/?page_id=110"},"modified":"2018-03-21T12:14:09","modified_gmt":"2018-03-21T11:14:09","slug":"nauki-soto-zen","status":"publish","type":"page","link":"https:\/\/sanboin.mahajana.pl\/?page_id=110","title":{"rendered":"Nauki zen soto"},"content":{"rendered":"<h1 class=\"western\" align=\"CENTER\"><span style=\"font-family: 'Times New Roman', serif;\"><span style=\"font-size: large;\"><b><span style=\"color: #212121;\">Wyk\u0142ady do&nbsp;regu\u0142 o&nbsp;praktyce i&nbsp;o\u015bwieceniu; prawdziwy przekaz buddh\u00f3w i&nbsp;patriarch\u00f3w; cudowna tajemnica urzeczywistnionej wiary<\/span><\/b><\/span><\/span><\/h1>\n<h2 class=\"western\" align=\"CENTER\"><span style=\"color: #212121;\"><span style=\"font-family: 'Times New Roman', serif;\"><span style=\"font-size: medium;\"><b>SIUSIOGI KOWA<br \/>\nBUSSO SHODEN SHINSHO MYOKETSU<\/b><\/span><\/span><\/span><\/h2>\n<h3 class=\"western\" align=\"CENTER\"><span style=\"color: #212121;\"><span style=\"font-family: 'Times New Roman', serif;\"><span style=\"font-size: medium;\"><b>WYK\u0141ADY DO&nbsp;REGU\u0141 O&nbsp;PRAKTYCE I&nbsp;O\u015aWIECENIU<br \/>\nPRAWDZIWY PRZEKAZ BUDDH\u00d3W I&nbsp;PATRIARCH\u00d3W<br \/>\nCUDOWNA TAJEMNICA URZECZYWISTNIONEJ WIARY<\/b><\/span><\/span><\/span><\/h3>\n<p><span style=\"color: #212121;\"><span style=\"font-family: 'Times New Roman', serif;\"><span style=\"font-size: medium;\">Siusiogi m\u00f3wi:<\/span><\/span><\/span><\/p>\n<blockquote><p><span style=\"color: #212121;\"><span style=\"font-family: 'Times New Roman', serif;\"><span style=\"font-size: medium;\">Jedn\u0105 Wielk\u0105 Spraw\u0105 zwi\u0105zku przyczynowego dla ucznia Buddhy jest wyja\u015bnienie narodzin i&nbsp;\u015bmierci. Je\u015bli w&nbsp;narodzinach i&nbsp;\u015bmierci jest Buddha to&nbsp;nie&nbsp;ma narodzin i&nbsp;\u015bmierci. Po&nbsp;prostu zrozum, \u017ce&nbsp;narodziny i&nbsp;\u015bmier\u0107 s\u0105 nirwan\u0105. Nie&nbsp;czuj niech\u0119ci do&nbsp;narodzin i&nbsp;\u015bmierci, ani nie&nbsp;pragnij nirwany. Gdy&nbsp;to&nbsp;zrozumiesz w\u00f3wczas po&nbsp;raz pierwszy zostaniesz uwolniony od&nbsp;narodzin i&nbsp;\u015bmierci. T\u0105 Jedn\u0105 Wielk\u0105 Spraw\u0119 powiniene\u015b ca\u0142kowicie zbada\u0107 do&nbsp;samego dna.<\/span><\/span><\/span><\/p><\/blockquote>\n<p><span style=\"color: #212121;\"><span style=\"font-family: 'Times New Roman', serif;\"><span style=\"font-size: medium;\">Ten pierwszy akapit w&nbsp;j\u0119zyku japo\u0144skim sk\u0142ada si\u0119 z&nbsp;96\u00a0chi\u0144skich znak\u00f3w, ostatni z&nbsp;omawianych akapit\u00f3w w&nbsp;ca\u0142ym tek\u015bcie Siusiogi na&nbsp;ko\u0144cu 5.\u00a0rozdzia\u0142u ma 99\u00a0chi\u0144skich znak\u00f3w i&nbsp;obydwa te fragmenty koresponduj\u0105 ze&nbsp;sob\u0105, dlatego s\u0105 one g\u0142\u00f3wnym punktem i&nbsp;esencj\u0105 Siusiogi. Esencja Siusiogi jest bezpo\u015brednio esencj\u0105 Zen Mahajany, i&nbsp;esencj\u0105 Dharmy Buddhy. Dlaczego te dwa fragmenty s\u0105 sam\u0105 istot\u0105? Poniewa\u017c pierwszy wyja\u015bnia narodziny i&nbsp;\u015bmier\u0107, a&nbsp;ostatni fragment wskazuje na&nbsp;to, i\u017c umys\u0142 jest Buddh\u0105. Wyja\u015bnienie narodzin i&nbsp;\u015bmierci z&nbsp;jednej strony i&nbsp;z&nbsp;drugiej wskazanie na&nbsp;umys\u0142, kt\u00f3ry&nbsp;jest Buddh\u0105, oznacza, i\u017c umys\u0142 b\u0119d\u0105cy Buddh\u0105 jest bram\u0105 spokoju umys\u0142u w&nbsp;naszej szkole. Naiso Daishi powiedzia\u0142: \u201eBuddhowie i&nbsp;Patriarchowie, gdyby&nbsp;nie&nbsp;byli wyzwoleni, to&nbsp;nie&nbsp;mogli by&nbsp;si\u0119 podj\u0105\u0107 odpowiedzialno\u015bci wskazania na&nbsp;to, \u017ce&nbsp;umys\u0142 jest Buddh\u0105\u201d. Spok\u00f3j umys\u0142u w&nbsp;naszej szkole oznacza, \u017ce&nbsp;w&nbsp;rzeczywisto\u015bci \u201eumys\u0142 jest Buddh\u0105\u201d. Siusiogi wskazuje na&nbsp;cztery wielkie tezy dotycz\u0105ce tego, i\u017c umys\u0142 jest Buddh\u0105 i&nbsp;jest to&nbsp;ca\u0142kowite cia\u0142o Dharmy Buddhy, oraz&nbsp;nazywa si\u0119 to&nbsp;esencj\u0105. Przed&nbsp;om\u00f3wieniem samego tekstu, chcia\u0142bym wyja\u015bni\u0107 specjalistyczne terminy, kt\u00f3re w&nbsp;nim wyst\u0119puj\u0105.<\/span><\/span><\/span><\/p>\n<p><strong><span style=\"color: #212121;\"><span style=\"font-family: 'Times New Roman', serif;\"><span style=\"font-size: medium;\"><b>Jedna Wielka Sprawa zwi\u0105zku przyczynowego<\/b><\/span><\/span><\/span><\/strong><span style=\"color: #212121;\"><span style=\"font-family: 'Times New Roman', serif;\"><span style=\"font-size: medium;\">\u00a0po japo\u0144sku\u00a0<\/span><\/span><\/span><strong><span style=\"color: #212121;\"><span style=\"font-family: 'Times New Roman', serif;\"><span style=\"font-size: medium;\"><b>ichidaiji inen<\/b><\/span><\/span><\/span><\/strong><span style=\"color: #212121;\"><span style=\"font-family: 'Times New Roman', serif;\"><span style=\"font-size: medium;\">, oznacza spraw\u0119, kt\u00f3ra&nbsp;m\u00f3wi o&nbsp;osi\u0105gni\u0119ciu najwy\u017cszej, nieprze\u015bcignionej Drogi, tutaj tekst m\u00f3wi o&nbsp;ca\u0142kowitym zwi\u0105zku przyczynowym na&nbsp;pocz\u0105tku, po\u015brodku i&nbsp;na&nbsp;ko\u0144cu, o&nbsp;tym co wielkie, \u015brednie i&nbsp;ma\u0142e. Przyczyn\u0105 \u2013\u00a0<\/span><\/span><\/span><strong><span style=\"color: #212121;\"><span style=\"font-family: 'Times New Roman', serif;\"><span style=\"font-size: medium;\"><b>in<\/b><\/span><\/span><\/span><\/strong><span style=\"color: #212121;\"><span style=\"font-family: 'Times New Roman', serif;\"><span style=\"font-size: medium;\">\u00a0[z\u00a0<\/span><\/span><\/span><strong><span style=\"color: #212121;\"><span style=\"font-family: 'Times New Roman', serif;\"><span style=\"font-size: medium;\"><b>inen<\/b><\/span><\/span><\/span><\/strong><span style=\"color: #212121;\"><span style=\"font-family: 'Times New Roman', serif;\"><span style=\"font-size: medium;\">], jest pierwotna i&nbsp;doskona\u0142a Natura Buddhy, i&nbsp;jest to&nbsp;nasza prawdziwa praktyka, prawdziwy wysi\u0142ek. Zwi\u0105zkiem &#8211;<\/span><\/span><\/span><strong><span style=\"color: #212121;\"><span style=\"font-family: 'Times New Roman', serif;\"><span style=\"font-size: medium;\"><b>en<\/b><\/span><\/span><\/span><\/strong><span style=\"color: #212121;\"><span style=\"font-family: 'Times New Roman', serif;\"><span style=\"font-size: medium;\">\u00a0[z\u00a0<\/span><\/span><\/span><strong><span style=\"color: #212121;\"><span style=\"font-family: 'Times New Roman', serif;\"><span style=\"font-size: medium;\"><b>inen<\/b><\/span><\/span><\/span><\/strong><span style=\"color: #212121;\"><span style=\"font-family: 'Times New Roman', serif;\"><span style=\"font-size: medium;\">] s\u0105 nauki i&nbsp;instrukcje Buddh\u00f3w i&nbsp;Patriarch\u00f3w, szacunek dla Buddh\u00f3w i&nbsp;s\u0142uchanie Dharmy, zazen i&nbsp;recytacja sutr, nazywa si\u0119 to&nbsp;pomoc\u0105 w\u0142a\u015bciwej my\u015bli, my\u015bleniem, jak i&nbsp;wewn\u0119trznym uwolnieniem i&nbsp;zewn\u0119trzn\u0105 ochron\u0105.<\/span><\/span><\/span><\/p>\n<p><strong><span style=\"color: #212121;\"><span style=\"font-family: 'Times New Roman', serif;\"><span style=\"font-size: medium;\"><b>Ichidaiji<\/b><\/span><\/span><\/span><\/strong><span style=\"color: #212121;\"><span style=\"font-family: 'Times New Roman', serif;\"><span style=\"font-size: medium;\">\u00a0\u2013\u00a0<\/span><\/span><\/span><strong><span style=\"color: #212121;\"><span style=\"font-family: 'Times New Roman', serif;\"><span style=\"font-size: medium;\"><b>Jedna Wielka Sprawa<\/b><\/span><\/span><\/span><\/strong><span style=\"color: #212121;\"><span style=\"font-family: 'Times New Roman', serif;\"><span style=\"font-size: medium;\">\u00a0jest powy\u017cszym zwi\u0105zkiem przyczynowym, kt\u00f3ry&nbsp;jest ca\u0142kowitym i&nbsp;jedynym idealnym celem ucznia Buddhy i&nbsp;poza tym nie&nbsp;ma niczego innego. Kiedy m\u00f3wimy\u00a0<\/span><\/span><\/span><strong><span style=\"color: #212121;\"><span style=\"font-family: 'Times New Roman', serif;\"><span style=\"font-size: medium;\"><b>Jedna<\/b><\/span><\/span><\/span><\/strong><span style=\"color: #212121;\"><span style=\"font-family: 'Times New Roman', serif;\"><span style=\"font-size: medium;\">\u00a0[Wielka Sprawa], to&nbsp;nie&nbsp;jest to&nbsp;jeden, kt\u00f3re jest w&nbsp;opozycji do&nbsp;dwa, a\u00a0<\/span><\/span><\/span><strong><span style=\"color: #212121;\"><span style=\"font-family: 'Times New Roman', serif;\"><span style=\"font-size: medium;\"><b>Wielka<\/b><\/span><\/span><\/span><\/strong><span style=\"color: #212121;\"><span style=\"font-family: 'Times New Roman', serif;\"><span style=\"font-size: medium;\">\u00a0nie ma nic wsp\u00f3lnego, jako przeciwstawie\u0144stwo z&nbsp;ma\u0142\u0105 [spraw\u0105].\u00a0<\/span><\/span><\/span><strong><span style=\"color: #212121;\"><span style=\"font-family: 'Times New Roman', serif;\"><span style=\"font-size: medium;\"><b>Jedna<\/b><\/span><\/span><\/span><\/strong><span style=\"color: #212121;\"><span style=\"font-family: 'Times New Roman', serif;\"><span style=\"font-size: medium;\">\u00a0i\u00a0<\/span><\/span><\/span><strong><span style=\"color: #212121;\"><span style=\"font-family: 'Times New Roman', serif;\"><span style=\"font-size: medium;\"><b>Wielka<\/b><\/span><\/span><\/span><\/strong><span style=\"color: #212121;\"><span style=\"font-family: 'Times New Roman', serif;\"><span style=\"font-size: medium;\">\u00a0oznacza wy\u0142\u0105cznie jedna i&nbsp;tylko&nbsp;wielka [nieograniczona, olbrzymia]. Dlatego linia uczni\u00f3w Buddhy jest tylko&nbsp;jedna i&nbsp;nie&nbsp;ma dwojakiego zadania do&nbsp;wykonania i&nbsp;poza tym nie&nbsp;ma w&nbsp;najmniejszym stopniu innej \u015bcie\u017cki do&nbsp;osi\u0105gni\u0119cia. Z&nbsp;tego powodu nazywane jest to&nbsp;Jedn\u0105 Wielk\u0105 Spraw\u0105.<\/span><\/span><\/span><\/p>\n<p><a name=\"footnoteref1_w5u6eca\"><\/a><strong><span style=\"color: #212121;\"><span style=\"font-family: 'Times New Roman', serif;\"><span style=\"font-size: medium;\"><b>Ucze\u0144 Buddhy<\/b><\/span><\/span><\/span><\/strong><span style=\"color: #212121;\"><span style=\"font-family: 'Times New Roman', serif;\"><span style=\"font-size: medium;\">\u00a0[po japo\u0144sku \u2013\u00a0<\/span><\/span><\/span><strong><span style=\"color: #212121;\"><span style=\"font-family: 'Times New Roman', serif;\"><span style=\"font-size: medium;\"><b>Bukke<\/b><\/span><\/span><\/span><\/strong><span style=\"color: #212121;\"><span style=\"font-family: 'Times New Roman', serif;\"><span style=\"font-size: medium;\">, ten termin po&nbsp;raz pierwszy u\u017cy\u0142 Dogen Zenji, mo\u017cna t\u0142umaczy\u0107 te\u017c jako \u201erodzina Buddhy\u201d] oznacza lini\u0119 przodk\u00f3w rodziny, w&nbsp;kt\u00f3rej&nbsp;przekazywano piecz\u0119\u0107 [mudra] Umys\u0142u Buddhy i&nbsp;to&nbsp;okre\u015blenie jest u\u017cywane tylko&nbsp;w&nbsp;naszej szkole<\/span><\/span><\/span><a href=\"http:\/\/mahajana.net\/biblioteka\/teksty\/wyklady-do-regul-o-praktyce-i-oswieceniu-prawdziwy-przekaz-buddhow-i-patriarchow-cudowna-tajemnica#footnote1_w5u6eca\"><span style=\"color: #011584;\"><span style=\"font-family: 'Times New Roman', serif;\"><span style=\"font-size: medium;\">1<\/span><\/span><\/span><\/a><span style=\"color: #212121;\"><span style=\"font-family: 'Times New Roman', serif;\"><span style=\"font-size: medium;\">. M\u00f3wi\u0105c o&nbsp;tym z&nbsp;punktu widzenia stanu do\u015bwiadczenia, r\u00f3\u017cni patriarchowie innych szk\u00f3l jeszcze nie&nbsp;osi\u0105gn\u0119li tego ducha Buddh\u00f3w i&nbsp;Patriarch\u00f3w. Dlatego\u00a0<\/span><\/span><\/span><strong><span style=\"color: #212121;\"><span style=\"font-family: 'Times New Roman', serif;\"><span style=\"font-size: medium;\"><b>Gakudoyojinshu<\/b><\/span><\/span><\/span><\/strong><span style=\"color: #212121;\"><span style=\"font-family: 'Times New Roman', serif;\"><span style=\"font-size: medium;\">\u00a0[Dogena Zenji] m\u00f3wi: \u201eIch s\u0142owa s\u0105 wci\u0105\u017c zielone i&nbsp;niedojrza\u0142e, poniewa\u017c nie&nbsp;osi\u0105gn\u0119li jeszcze stanu o\u015bwiecenia, jak w&nbsp;og\u00f3le mog\u0105 by\u0107 blisko o\u015bwiecenia i&nbsp;wype\u0142nienia \u015blubowa\u0144?\u201d. Z&nbsp;punktu widzenia tajemnego\u00a0<\/span><\/span><\/span><strong><span style=\"color: #212121;\"><span style=\"font-family: 'Times New Roman', serif;\"><span style=\"font-size: medium;\"><b>bukke<\/b><\/span><\/span><\/span><\/strong><span style=\"color: #212121;\"><span style=\"font-family: 'Times New Roman', serif;\"><span style=\"font-size: medium;\">\u00a0oznacza jedynie nasz\u0105 szko\u0142\u0119, w&nbsp;szerszym sensie oznacza to&nbsp;ca\u0142\u0105 Dharme Buddhy.<\/span><\/span><\/span><\/p>\n<p><span style=\"color: #212121;\"><span style=\"font-family: 'Times New Roman', serif;\"><span style=\"font-size: medium;\">Okre\u015blenie\u00a0<\/span><\/span><\/span><strong><span style=\"color: #212121;\"><span style=\"font-family: 'Times New Roman', serif;\"><span style=\"font-size: medium;\"><b>Buddha<\/b><\/span><\/span><\/span><\/strong><span style=\"color: #212121;\"><span style=\"font-family: 'Times New Roman', serif;\"><span style=\"font-size: medium;\">\u00a0pochodzi z&nbsp;sanskrytu i&nbsp;wyja\u015bnione jest w&nbsp;postaci trzech cia\u0142: Cia\u0142a Dharmy, Zas\u0142ugi i&nbsp;Odpowiedzi. Cia\u0142o Dharmy \u2013 Dharmakaja, okre\u015bla istniej\u0105c\u0105 pierwotnie Natur\u0119 Buddhy, jest to&nbsp;Pierwotna Natura. Cia\u0142o Zas\u0142ugi, Sambhogakaja, to&nbsp;Buddha osi\u0105gni\u0119ty dzi\u0119ki przyczynie jak\u0105 jest praktyka i&nbsp;jej owoc, pierwotnie istniej\u0105ca Natura Buddhy u&nbsp;Buddhy, kt\u00f3ry&nbsp;osi\u0105gn\u0105\u0142 Przebudzenie. Cia\u0142o Odpowiedzi, Nirmanakaja, to&nbsp;Tathagata Wielkiego O\u015bwiecenia, kt\u00f3ry&nbsp;w&nbsp;odpowiedzi na&nbsp;korze\u0144 mo\u017cliwo\u015bci \u017cyj\u0105cych istot wyja\u015bnia Dharm\u0119 i&nbsp;zmienia istoty i&nbsp;nazywany jest Buddh\u0105. W&nbsp;sensie poj\u0119\u0107 mo\u017cemy rozr\u00f3\u017cni\u0107 trzy cia\u0142a Buddhy, ale&nbsp;w&nbsp;rzeczywisto\u015bci jest to&nbsp;jeden Buddha.<\/span><\/span><\/span><\/p>\n<p><span style=\"color: #212121;\"><span style=\"font-family: 'Times New Roman', serif;\"><span style=\"font-size: medium;\">Poj\u0119cie\u00a0<\/span><\/span><\/span><strong><span style=\"color: #212121;\"><span style=\"font-family: 'Times New Roman', serif;\"><span style=\"font-size: medium;\"><b>Nirwany<\/b><\/span><\/span><\/span><\/strong><span style=\"color: #212121;\"><span style=\"font-family: 'Times New Roman', serif;\"><span style=\"font-size: medium;\">\u00a0w sanskrycie r\u00f3wnie\u017c mo\u017cemy t\u0142umaczy\u0107 jako wyzwolenie, doskona\u0142e zanikni\u0119cie, nie-stwarzanie czy&nbsp;spok\u00f3j i&nbsp;rado\u015b\u0107. Po&nbsp;japo\u0144sku Nirwana pisze si\u0119\u00a0<\/span><\/span><\/span><strong><span style=\"color: #212121;\"><span style=\"font-family: 'Times New Roman', serif;\"><span style=\"font-size: medium;\"><b>Nehan<\/b><\/span><\/span><\/span><\/strong><span style=\"color: #212121;\"><span style=\"font-family: 'Times New Roman', serif;\"><span style=\"font-size: medium;\">\u00a0i w&nbsp;Sutrze Nirwany [jap.\u00a0Nehan-kyo]\u00a0<\/span><\/span><\/span><strong><span style=\"color: #212121;\"><span style=\"font-family: 'Times New Roman', serif;\"><span style=\"font-size: medium;\"><b>NE<\/b><\/span><\/span><\/span><\/strong><span style=\"color: #212121;\"><span style=\"font-family: 'Times New Roman', serif;\"><span style=\"font-size: medium;\">\u00a0oznacza Nie-narodzone,\u00a0<\/span><\/span><\/span><strong><span style=\"color: #212121;\"><span style=\"font-family: 'Times New Roman', serif;\"><span style=\"font-size: medium;\"><b>HAN<\/b><\/span><\/span><\/span><\/strong><span style=\"color: #212121;\"><span style=\"font-family: 'Times New Roman', serif;\"><span style=\"font-size: medium;\">\u00a0oznacza Nie-\u015bmiertelne [tj.\u00a0brak \u015bmierci], dlatego Nirwan\u0119 mo\u017cemy rozumie\u0107 jako brak narodzin i&nbsp;\u015bmierci.<\/span><\/span><\/span><\/p>\n<p><strong><span style=\"color: #212121;\"><span style=\"font-family: 'Times New Roman', serif;\"><span style=\"font-size: medium;\"><b>Narodziny i&nbsp;\u015bmie\u0107<\/b><\/span><\/span><\/span><\/strong><span style=\"color: #212121;\"><span style=\"font-family: 'Times New Roman', serif;\"><span style=\"font-size: medium;\">, maj\u0105 trzy znaczenia \u2013 zar\u00f3wno p\u0142ytkie, jak i&nbsp;g\u0142\u0119bokie. Pierwszy p\u0142ytki pogl\u0105d, to&nbsp;w&nbsp;zwyk\u0142ym rozumieniu narodziny, kt\u00f3re maj\u0105 sw\u00f3j pocz\u0105tek i&nbsp;musz\u0105 mie\u0107 kiedy\u015b sw\u00f3j koniec w&nbsp;postaci pojawiaj\u0105cej si\u0119 \u015bmierci. W&nbsp;\u015bwiecie pe\u0142nym k\u0142amstw, \u015bmier\u0107 jest jedyn\u0105 prawd\u0105. Drugi pogl\u0105d na&nbsp;narodziny i&nbsp;\u015bmier\u0107 nieco bardziej zaawansowany m\u00f3wi, i\u017c z&nbsp;roku na&nbsp;rok, z&nbsp;miesi\u0105ca na&nbsp;miesi\u0105c, z&nbsp;dnia na&nbsp;dzie\u0144, z&nbsp;godziny na&nbsp;godzin\u0119, z&nbsp;chwili na&nbsp;chwil\u0119, z&nbsp;sekundy na&nbsp;sekund\u0119, fundamentalnie, ka\u017cda rzeczy, ka\u017cdy cz\u0142owiek, stan fizyczny i&nbsp;mentalny, zmienia si\u0119 jest nietrwa\u0142y, i&nbsp;jest w&nbsp;niesko\u0144czonej aktywno\u015bci i&nbsp;dzia\u0142aniu.<\/span><\/span><\/span><\/p>\n<p><span style=\"color: #212121;\"><span style=\"font-family: 'Times New Roman', serif;\"><span style=\"font-size: medium;\">Trzeci pogl\u0105d m\u00f3wi, i\u017c fundamentalnie my, jak r\u00f3wnie\u017c niebo i&nbsp;ziemia [wszech\u015bwiat], godzin\u0119 temu nie&nbsp;byli\u015bmy tacy jak teraz i&nbsp;za&nbsp;godzin\u0119 nie&nbsp;b\u0119dziemy tym samym czym jeste\u015bmy w&nbsp;tej&nbsp;chwili. Narodziny i&nbsp;\u015bmier\u0107 nie&nbsp;zmieniaj\u0105 si\u0119 stopniowo powoli po&nbsp;trochu tak&nbsp;jak w&nbsp;poprzednim pogl\u0105dzie, ale&nbsp;s\u0105 to&nbsp;narodziny i&nbsp;\u015bmier\u0107 w&nbsp;ka\u017cdym momencie, w&nbsp;ka\u017cdym czasie i&nbsp;z&nbsp;ka\u017cd\u0105 sekund\u0105. Ka\u017cda rzecz i&nbsp;ka\u017cda my\u015bl nie&nbsp;jest taka sama jak przed&nbsp;chwil\u0105 i&nbsp;w&nbsp;nast\u0119pnej chwili jest te\u017c r\u00f3\u017cna. Zwykli ludzie my\u015bl\u0105, \u017ce&nbsp;ka\u017cda rzecz jest ustalona na&nbsp;zawsze i&nbsp;taki zupe\u0142nie odmienny pogl\u0105d [na narodziny i&nbsp;\u015bmier\u0107] jest dla nich zaskakuj\u0105cy i&nbsp;szokuj\u0105cy. W&nbsp;rzeczywisto\u015bci cia\u0142o i&nbsp;umys\u0142 oraz&nbsp;miriad rzeczy we&nbsp;wszech\u015bwiecie jest zmieniona [w oryginale: odci\u0119ta], ale&nbsp;pozostaje ich kontynuacja.<\/span><\/span><\/span><\/p>\n<p><span style=\"color: #212121;\"><span style=\"font-family: 'Times New Roman', serif;\"><span style=\"font-size: medium;\">Kiedy m\u00f3wimy o&nbsp;przep\u0142ywie czasu, to&nbsp;je\u015bli jasno okre\u015blimy, \u017ce&nbsp;jest to&nbsp;czysta kontynuacja, w\u00f3wczas powinien by\u0107 to&nbsp;jasno zrozumia\u0142y argument. Jest to&nbsp;podobne do&nbsp;pal\u0105cego si\u0119 ca\u0142y czas p\u0142omienia \u015bwiecy i&nbsp;do&nbsp;spadaj\u0105cych nieprzerwanie niezliczonych kropel wody w&nbsp;wodospadzie. Staro\u017cytny powiedzia\u0142: \u201e[Wszystko] zawsze zmienia si\u0119 jak spadaj\u0105cy wodospad\u201d, osoba istniej\u0105ca przed&nbsp;chwil\u0105, w&nbsp;og\u00f3le nie&nbsp;jest t\u0105 sam\u0105 osob\u0105 w&nbsp;nast\u0119pnej chwili. Tak&nbsp;jak klatki poruszaj\u0105cego si\u0119 filmu, klatka po&nbsp;klatce s\u0105 w&nbsp;swojej niezliczonej ilo\u015bci kontynuowane [ale ka\u017cda kolejna jest ju\u017c inna], i&nbsp;tworzone jakby w&nbsp;jednym ci\u0105g\u0142ym ruchu. W&nbsp;rzeczywisto\u015bci ca\u0142y wszech\u015bwiat w&nbsp;tej&nbsp;chwili i&nbsp;w&nbsp;nast\u0119pnej jest zmieniony, tak&nbsp;jak niezliczone klatki \u2013 momenty filmu jedna po&nbsp;drugiej s\u0105 w&nbsp;czystej postaci kontynuowane, podtrzymuj\u0105c egzystencj\u0119. Ta prawda o&nbsp;narodzinach i&nbsp;\u015bmierci nazywana jest prawd\u0105 aktywno\u015bci, kontynuacj\u0105 \u017cycia oraz&nbsp;wielkim ca\u0142kowitym przebudzeniem Tathagaty. Miriad rzeczy w&nbsp;ca\u0142ym wszech\u015bwiecie jest ukazaniem narodzin i&nbsp;\u015bmierci. Nazywa si\u0119 to&nbsp;r\u00f3wnie\u017c nietrwa\u0142o\u015bci\u0105 lub przemijaniem.<\/span><\/span><\/span><\/p>\n<p><span style=\"color: #212121;\"><span style=\"font-family: 'Times New Roman', serif;\"><span style=\"font-size: medium;\">Je\u015bli nie&nbsp;osi\u0105gniemy duchowego \u017cycia, w\u00f3wczas zar\u00f3wno z&nbsp;punktu widzenia filozoficznego, religijnego jak i&nbsp;zwyk\u0142ego, tkwimy w&nbsp;kole narodzin i&nbsp;\u015bmierci, do\u015bwiadczaj\u0105c niestabilno\u015bci, \u0142api\u0105c si\u0119 raz tego raz tamtego, odczuwaj\u0105c ca\u0142y czas r\u00f3\u017cnego rodzaju niepokoje. W&nbsp;poprzednich narodzinach i&nbsp;\u015bmierci b\u0119d\u0105c skazani na&nbsp;ci\u0105g\u0142e dzia\u0142anie [fa\u0142szywej] ja\u017ani, w&nbsp;przysz\u0142ych narodzinach i&nbsp;\u015bmierci pozostaj\u0105c na&nbsp;\u0142asce w\u0142asnych z\u0142udze\u0144.<\/span><\/span><\/span><\/p>\n<ul>\n<li><a name=\"footnote1_w5u6eca\"><\/a> <a href=\"http:\/\/mahajana.net\/biblioteka\/teksty\/wyklady-do-regul-o-praktyce-i-oswieceniu-prawdziwy-przekaz-buddhow-i-patriarchow-cudowna-tajemnica#footnoteref1_w5u6eca\"><span style=\"color: #011584;\"><span style=\"font-family: 'Times New Roman', serif;\"><span style=\"font-size: medium;\">1.<\/span><\/span><\/span><\/a><span style=\"color: #212121;\"><span style=\"font-family: 'Times New Roman', serif;\"><span style=\"font-size: medium;\">Termin BUKKE zosta\u0142 u\u017cyty po&nbsp;raz pierwszy w&nbsp;naukach Dharmy przez&nbsp;samego Dogena Zenji, dlatego Daiun Rosi m\u00f3wi, \u017ce&nbsp;jest to&nbsp;specyficzne wyra\u017cenie, kt\u00f3re zosta\u0142o u\u017cyte w&nbsp;tradycji Buddyzmu Zen Soto, przez&nbsp;jej za\u0142o\u017cyciela. Ale&nbsp;nie&nbsp;oznacza to&nbsp;wywy\u017cszania si\u0119 ponad inne szko\u0142y czy&nbsp;tradycje.<br \/>\nW dalszej cz\u0119\u015bci kiedy mowa o&nbsp;tajemnym poziomie rozumienia, oznacza to&nbsp;poziom, kt\u00f3ry&nbsp;mogli zrozumie\u0107 tylko&nbsp;uczniowie o&nbsp;nieprzeci\u0119tnym wgl\u0105dzie i&nbsp;byli w&nbsp;stanie zrozumie\u0107 najg\u0142\u0119bsz\u0105 Dharm\u0119 i&nbsp;uzyska\u0107 piecz\u0119\u0107 potwierdzenia od&nbsp;Dogena Zenji oraz&nbsp;jego nast\u0119pc\u00f3w w&nbsp;tej&nbsp;linii przekazu Dharmy.<\/span><\/span><\/span><\/li>\n<\/ul>\n","protected":false},"excerpt":{"rendered":"<p>Wyk\u0142ady do&nbsp;regu\u0142 o&nbsp;praktyce i&nbsp;o\u015bwieceniu; prawdziwy przekaz buddh\u00f3w i&nbsp;patriarch\u00f3w; cudowna tajemnica urzeczywistnionej wiary SIUSIOGI KOWA BUSSO<a class=\"post_read_more\" href=\"https:\/\/sanboin.mahajana.pl\/?page_id=110\">Czytaj dalej<\/a><\/p>\n","protected":false},"author":1,"featured_media":298,"parent":0,"menu_order":0,"comment_status":"closed","ping_status":"closed","template":"","meta":[],"_links":{"self":[{"href":"https:\/\/sanboin.mahajana.pl\/index.php?rest_route=\/wp\/v2\/pages\/110"}],"collection":[{"href":"https:\/\/sanboin.mahajana.pl\/index.php?rest_route=\/wp\/v2\/pages"}],"about":[{"href":"https:\/\/sanboin.mahajana.pl\/index.php?rest_route=\/wp\/v2\/types\/page"}],"author":[{"embeddable":true,"href":"https:\/\/sanboin.mahajana.pl\/index.php?rest_route=\/wp\/v2\/users\/1"}],"replies":[{"embeddable":true,"href":"https:\/\/sanboin.mahajana.pl\/index.php?rest_route=%2Fwp%2Fv2%2Fcomments&post=110"}],"version-history":[{"count":4,"href":"https:\/\/sanboin.mahajana.pl\/index.php?rest_route=\/wp\/v2\/pages\/110\/revisions"}],"predecessor-version":[{"id":442,"href":"https:\/\/sanboin.mahajana.pl\/index.php?rest_route=\/wp\/v2\/pages\/110\/revisions\/442"}],"wp:featuredmedia":[{"embeddable":true,"href":"https:\/\/sanboin.mahajana.pl\/index.php?rest_route=\/wp\/v2\/media\/298"}],"wp:attachment":[{"href":"https:\/\/sanboin.mahajana.pl\/index.php?rest_route=%2Fwp%2Fv2%2Fmedia&parent=110"}],"curies":[{"name":"wp","href":"https:\/\/api.w.org\/{rel}","templated":true}]}}