{"id":116,"date":"2013-12-24T14:20:38","date_gmt":"2013-12-24T13:20:38","guid":{"rendered":"http:\/\/sanboin.mahajana.net\/?page_id=116"},"modified":"2013-12-24T14:33:13","modified_gmt":"2013-12-24T13:33:13","slug":"eiheiji","status":"publish","type":"page","link":"https:\/\/sanboin.mahajana.pl\/?page_id=116","title":{"rendered":"Eiheiji"},"content":{"rendered":"<p style=\"text-align: justify;\">Klasztor powsta\u0142 w&nbsp;1244\u00a0roku i&nbsp;jego za\u0142o\u017cycielem by\u0142 Dogen Kigen Zenji, zwany p\u00f3\u017aniej Eihei Dogen Zenji. Znajduje si\u0119 w&nbsp;Prefekturze Fukui, w&nbsp;g\u00f3rach, z&nbsp;dala od&nbsp;siedzib ludzkich. Klasztor liczy dzisiaj oko\u0142o 70\u00a0budynk\u00f3w r\u00f3\u017cnej wielko\u015bci. Historycznie jest to&nbsp;najwa\u017cniejszy klasztor Soto, prowadz\u0105cy te\u017c najwi\u0119kszy w&nbsp;Japonii trening mnich\u00f3w. W&nbsp;Eiheiji stale przebywa i&nbsp;praktykuje oko\u0142o 200\u00a0mnich\u00f3w. Z&nbsp;klasztorem zwi\u0105zanych jest i&nbsp;podlega mu oko\u0142o 1500\u00a0\u015bwi\u0105ty\u0144 publicznych na&nbsp;terenie ca\u0142ej Japonii skupiaj\u0105cych oko\u0142o 8\u00a0milion\u00f3w \u015bwieckich wiernych. Obecnie opatem jest Jego \u015awi\u0105tobliwo\u015b\u0107 Eiheiji Geika Miyazaki Ekiho Zenji, kt\u00f3ry&nbsp;urodzi\u0142 si\u0119 w&nbsp;1901\u00a0roku i&nbsp;obecnie (2005\u00a0r.) liczy sobie 104\u00a0lata.<\/p>\n","protected":false},"excerpt":{"rendered":"<p>Klasztor powsta\u0142 w&nbsp;1244\u00a0roku i&nbsp;jego za\u0142o\u017cycielem by\u0142 Dogen Kigen Zenji, zwany p\u00f3\u017aniej Eihei Dogen Zenji. Znajduje<a class=\"post_read_more\" href=\"https:\/\/sanboin.mahajana.pl\/?page_id=116\">Czytaj dalej<\/a><\/p>\n","protected":false},"author":1,"featured_media":115,"parent":35,"menu_order":0,"comment_status":"closed","ping_status":"closed","template":"","meta":[],"_links":{"self":[{"href":"https:\/\/sanboin.mahajana.pl\/index.php?rest_route=\/wp\/v2\/pages\/116"}],"collection":[{"href":"https:\/\/sanboin.mahajana.pl\/index.php?rest_route=\/wp\/v2\/pages"}],"about":[{"href":"https:\/\/sanboin.mahajana.pl\/index.php?rest_route=\/wp\/v2\/types\/page"}],"author":[{"embeddable":true,"href":"https:\/\/sanboin.mahajana.pl\/index.php?rest_route=\/wp\/v2\/users\/1"}],"replies":[{"embeddable":true,"href":"https:\/\/sanboin.mahajana.pl\/index.php?rest_route=%2Fwp%2Fv2%2Fcomments&post=116"}],"version-history":[{"count":2,"href":"https:\/\/sanboin.mahajana.pl\/index.php?rest_route=\/wp\/v2\/pages\/116\/revisions"}],"predecessor-version":[{"id":135,"href":"https:\/\/sanboin.mahajana.pl\/index.php?rest_route=\/wp\/v2\/pages\/116\/revisions\/135"}],"up":[{"embeddable":true,"href":"https:\/\/sanboin.mahajana.pl\/index.php?rest_route=\/wp\/v2\/pages\/35"}],"wp:featuredmedia":[{"embeddable":true,"href":"https:\/\/sanboin.mahajana.pl\/index.php?rest_route=\/wp\/v2\/media\/115"}],"wp:attachment":[{"href":"https:\/\/sanboin.mahajana.pl\/index.php?rest_route=%2Fwp%2Fv2%2Fmedia&parent=116"}],"curies":[{"name":"wp","href":"https:\/\/api.w.org\/{rel}","templated":true}]}}