{"id":118,"date":"2013-12-24T14:23:28","date_gmt":"2013-12-24T13:23:28","guid":{"rendered":"http:\/\/sanboin.mahajana.net\/?page_id=118"},"modified":"2013-12-26T22:14:45","modified_gmt":"2013-12-26T21:14:45","slug":"koshoji","status":"publish","type":"page","link":"https:\/\/sanboin.mahajana.pl\/?page_id=118","title":{"rendered":"Koshoji"},"content":{"rendered":"<p style=\"text-align: justify;\">By\u0142 w&nbsp;rzeczywisto\u015bci pierwszym klasztorem zen za\u0142o\u017conym w&nbsp;1236\u00a0roku przez&nbsp;Dogena Zenji w&nbsp;dzisiejszym Uji, blisko Kyoto. Dogen Zenji przebywa\u0142 w&nbsp;nim w&nbsp;latach 1230\u20141243. Sam klasztor zosta\u0142 oficjalnie otwarty w&nbsp;1236\u00a0roku, ale&nbsp;do&nbsp;tego czasu Dogen Zenji zamieszkiwa\u0142 przez&nbsp;sze\u015b\u0107 lat w&nbsp;niewielkiej pustelni w&nbsp;tym samym miejscu. By\u0142 to&nbsp;pierwszy klasztor Soto Zen i&nbsp;pierwszy klasztor zen wybudowany zgodnie z&nbsp;regu\u0142ami z&nbsp;jakimi powinny by\u0107 budowane klasztory zen. To&nbsp;w&nbsp;tym klasztorze Dogen Zenji wybudowa\u0142 Sodo \u2014&nbsp;Sanktuarium Mnich\u00f3w, kt\u00f3re cz\u0119sto okre\u015bla si\u0119 jako zendo. Sodo Koshoji s\u0142u\u017cy\u0142o po&nbsp;raz pierwszy w&nbsp;Japonii jako w\u0142a\u015bciwe miejsce odosobnie\u0144 i&nbsp;medytacji mnich\u00f3w zen. Z&nbsp;czasem znaczenie Koshoji zacz\u0119\u0142o s\u0142abn\u0105\u0107, a\u017c w&nbsp;roku 1649\u00a0zosta\u0142o ponownie otwarte przez&nbsp;Banan Eishu Zenji. Od&nbsp;XVII\u00a0do XIX\u00a0wieku klasztor ten by\u0142 cz\u0119sto prowadzony przez&nbsp;nast\u0119pc\u00f3w s\u0142ynnego mistrza z&nbsp;XVII\u00a0wieku \u2014&nbsp;Tenkei Denson Zenji.<\/p>\n","protected":false},"excerpt":{"rendered":"<p>By\u0142 w&nbsp;rzeczywisto\u015bci pierwszym klasztorem zen za\u0142o\u017conym w&nbsp;1236\u00a0roku przez&nbsp;Dogena Zenji w&nbsp;dzisiejszym Uji, blisko Kyoto. Dogen Zenji<a class=\"post_read_more\" href=\"https:\/\/sanboin.mahajana.pl\/?page_id=118\">Czytaj dalej<\/a><\/p>\n","protected":false},"author":1,"featured_media":119,"parent":35,"menu_order":0,"comment_status":"closed","ping_status":"closed","template":"","meta":[],"_links":{"self":[{"href":"https:\/\/sanboin.mahajana.pl\/index.php?rest_route=\/wp\/v2\/pages\/118"}],"collection":[{"href":"https:\/\/sanboin.mahajana.pl\/index.php?rest_route=\/wp\/v2\/pages"}],"about":[{"href":"https:\/\/sanboin.mahajana.pl\/index.php?rest_route=\/wp\/v2\/types\/page"}],"author":[{"embeddable":true,"href":"https:\/\/sanboin.mahajana.pl\/index.php?rest_route=\/wp\/v2\/users\/1"}],"replies":[{"embeddable":true,"href":"https:\/\/sanboin.mahajana.pl\/index.php?rest_route=%2Fwp%2Fv2%2Fcomments&post=118"}],"version-history":[{"count":4,"href":"https:\/\/sanboin.mahajana.pl\/index.php?rest_route=\/wp\/v2\/pages\/118\/revisions"}],"predecessor-version":[{"id":323,"href":"https:\/\/sanboin.mahajana.pl\/index.php?rest_route=\/wp\/v2\/pages\/118\/revisions\/323"}],"up":[{"embeddable":true,"href":"https:\/\/sanboin.mahajana.pl\/index.php?rest_route=\/wp\/v2\/pages\/35"}],"wp:featuredmedia":[{"embeddable":true,"href":"https:\/\/sanboin.mahajana.pl\/index.php?rest_route=\/wp\/v2\/media\/119"}],"wp:attachment":[{"href":"https:\/\/sanboin.mahajana.pl\/index.php?rest_route=%2Fwp%2Fv2%2Fmedia&parent=118"}],"curies":[{"name":"wp","href":"https:\/\/api.w.org\/{rel}","templated":true}]}}