{"id":121,"date":"2013-12-24T14:26:08","date_gmt":"2013-12-24T13:26:08","guid":{"rendered":"http:\/\/sanboin.mahajana.net\/?page_id=121"},"modified":"2013-12-26T22:15:34","modified_gmt":"2013-12-26T21:15:34","slug":"sojiji","status":"publish","type":"page","link":"https:\/\/sanboin.mahajana.pl\/?page_id=121","title":{"rendered":"Sojiji"},"content":{"rendered":"<p style=\"text-align: justify;\">Za\u0142o\u017cony w&nbsp;1321\u00a0roku na&nbsp;p\u00f3\u0142wyspie Noto nad&nbsp;Morzem Japo\u0144skim w&nbsp;dzisiejszej Prefekturze Ishikawa. Jego za\u0142o\u017cycielem by\u0142 Keizan Jokin Zenji. Sojiji sta\u0142 si\u0119 po&nbsp;\u015bmierci Keizana Zenji g\u0142\u00f3wnym klasztorem Soto Zen b\u0119d\u0105c w\u0142adz\u0105 zwierzchni\u0105 dla 90%\u00a0wszystkich \u015bwi\u0105ty\u0144 Soto w&nbsp;Japonii. W&nbsp;1898\u00a0roku klasztor Sojiji zosta\u0142 przeniesiony do&nbsp;Yokohamy ko\u0142o Tokio. Je\u015bli chodzi o&nbsp;liczb\u0119 praktykuj\u0105cych w&nbsp;nim mnich\u00f3w jest drugim po&nbsp;Eiheiji klasztorem w&nbsp;Japonii. Obecnym opatem jest Jego \u015awi\u0105tobliwo\u015b\u0107 Sojiji Geika Omichi Zenji.<\/p>\n","protected":false},"excerpt":{"rendered":"<p>Za\u0142o\u017cony w&nbsp;1321\u00a0roku na&nbsp;p\u00f3\u0142wyspie Noto nad&nbsp;Morzem Japo\u0144skim w&nbsp;dzisiejszej Prefekturze Ishikawa. Jego za\u0142o\u017cycielem by\u0142 Keizan Jokin Zenji.<a class=\"post_read_more\" href=\"https:\/\/sanboin.mahajana.pl\/?page_id=121\">Czytaj dalej<\/a><\/p>\n","protected":false},"author":1,"featured_media":185,"parent":35,"menu_order":0,"comment_status":"closed","ping_status":"closed","template":"","meta":[],"_links":{"self":[{"href":"https:\/\/sanboin.mahajana.pl\/index.php?rest_route=\/wp\/v2\/pages\/121"}],"collection":[{"href":"https:\/\/sanboin.mahajana.pl\/index.php?rest_route=\/wp\/v2\/pages"}],"about":[{"href":"https:\/\/sanboin.mahajana.pl\/index.php?rest_route=\/wp\/v2\/types\/page"}],"author":[{"embeddable":true,"href":"https:\/\/sanboin.mahajana.pl\/index.php?rest_route=\/wp\/v2\/users\/1"}],"replies":[{"embeddable":true,"href":"https:\/\/sanboin.mahajana.pl\/index.php?rest_route=%2Fwp%2Fv2%2Fcomments&post=121"}],"version-history":[{"count":4,"href":"https:\/\/sanboin.mahajana.pl\/index.php?rest_route=\/wp\/v2\/pages\/121\/revisions"}],"predecessor-version":[{"id":327,"href":"https:\/\/sanboin.mahajana.pl\/index.php?rest_route=\/wp\/v2\/pages\/121\/revisions\/327"}],"up":[{"embeddable":true,"href":"https:\/\/sanboin.mahajana.pl\/index.php?rest_route=\/wp\/v2\/pages\/35"}],"wp:featuredmedia":[{"embeddable":true,"href":"https:\/\/sanboin.mahajana.pl\/index.php?rest_route=\/wp\/v2\/media\/185"}],"wp:attachment":[{"href":"https:\/\/sanboin.mahajana.pl\/index.php?rest_route=%2Fwp%2Fv2%2Fmedia&parent=121"}],"curies":[{"name":"wp","href":"https:\/\/api.w.org\/{rel}","templated":true}]}}