{"id":127,"date":"2013-12-24T14:31:19","date_gmt":"2013-12-24T13:31:19","guid":{"rendered":"http:\/\/sanboin.mahajana.net\/?page_id=127"},"modified":"2013-12-26T22:14:54","modified_gmt":"2013-12-26T21:14:54","slug":"saijoji","status":"publish","type":"page","link":"https:\/\/sanboin.mahajana.pl\/?page_id=127","title":{"rendered":"Saijoji"},"content":{"rendered":"<p style=\"text-align: justify;\">Za\u0142o\u017cony przez&nbsp;Ryoan Emyo Zenji w&nbsp;1394\u00a0roku. Ten klasztor s\u0142u\u017cy\u0142 jako g\u0142\u00f3wny o\u015brodek Soto we&nbsp;wschodniej Japonii, b\u0119d\u0105c g\u0142\u00f3wn\u0105 siedzib\u0105 tzw. Linii Ryoan, szko\u0142y Tsugen. W&nbsp;ci\u0105gu wiek\u00f3w pojawi\u0142o si\u0119 w&nbsp;nim wielu wybitnych mistrz\u00f3w. Klasztor znajduje si\u0119 oko\u0142o 100\u00a0km od&nbsp;dzisiejszego Tokio wysoko w&nbsp;g\u00f3rach. Jest to&nbsp;trzeci w&nbsp;hierarchii co do&nbsp;wa\u017cno\u015bci klasztor Soto. Wielu jego opat\u00f3w obejmowa\u0142o stanowisko g\u0142\u00f3wnego opata klasztoru Sojiji w&nbsp;Yokohamie. Do&nbsp;s\u0142ynnych mistrz\u00f3w w\u00a0XIX i&nbsp;XX\u00a0wieku nale\u017celi Hara Tanzan Zenji oraz&nbsp;Koho Chisan Zenji. Ostatnim opatem Saijoji by\u0142 Yogo Suigan Roshi, kt\u00f3ry&nbsp;by\u0142 wielkim uczonym Soto. Obecnie opatem jest Ishizuki Shuko Roshi, kt\u00f3ry&nbsp;cho\u0107 otrzyma\u0142\u00a0<i>Shiho \u2014&nbsp;Przekaz Dharmy<\/i>\u00a0od innego nauczyciela, zosta\u0142 poproszony przez&nbsp;Suigan Roshi, by&nbsp;obj\u0105\u0142 pozycj\u0119 Opata Saijoji.<\/p>\n","protected":false},"excerpt":{"rendered":"<p>Za\u0142o\u017cony przez&nbsp;Ryoan Emyo Zenji w&nbsp;1394\u00a0roku. Ten klasztor s\u0142u\u017cy\u0142 jako g\u0142\u00f3wny o\u015brodek Soto we&nbsp;wschodniej Japonii, b\u0119d\u0105c<a class=\"post_read_more\" href=\"https:\/\/sanboin.mahajana.pl\/?page_id=127\">Czytaj dalej<\/a><\/p>\n","protected":false},"author":1,"featured_media":283,"parent":35,"menu_order":0,"comment_status":"closed","ping_status":"closed","template":"","meta":[],"_links":{"self":[{"href":"https:\/\/sanboin.mahajana.pl\/index.php?rest_route=\/wp\/v2\/pages\/127"}],"collection":[{"href":"https:\/\/sanboin.mahajana.pl\/index.php?rest_route=\/wp\/v2\/pages"}],"about":[{"href":"https:\/\/sanboin.mahajana.pl\/index.php?rest_route=\/wp\/v2\/types\/page"}],"author":[{"embeddable":true,"href":"https:\/\/sanboin.mahajana.pl\/index.php?rest_route=\/wp\/v2\/users\/1"}],"replies":[{"embeddable":true,"href":"https:\/\/sanboin.mahajana.pl\/index.php?rest_route=%2Fwp%2Fv2%2Fcomments&post=127"}],"version-history":[{"count":4,"href":"https:\/\/sanboin.mahajana.pl\/index.php?rest_route=\/wp\/v2\/pages\/127\/revisions"}],"predecessor-version":[{"id":324,"href":"https:\/\/sanboin.mahajana.pl\/index.php?rest_route=\/wp\/v2\/pages\/127\/revisions\/324"}],"up":[{"embeddable":true,"href":"https:\/\/sanboin.mahajana.pl\/index.php?rest_route=\/wp\/v2\/pages\/35"}],"wp:featuredmedia":[{"embeddable":true,"href":"https:\/\/sanboin.mahajana.pl\/index.php?rest_route=\/wp\/v2\/media\/283"}],"wp:attachment":[{"href":"https:\/\/sanboin.mahajana.pl\/index.php?rest_route=%2Fwp%2Fv2%2Fmedia&parent=127"}],"curies":[{"name":"wp","href":"https:\/\/api.w.org\/{rel}","templated":true}]}}