{"id":14,"date":"2013-12-21T18:16:24","date_gmt":"2013-12-21T17:16:24","guid":{"rendered":"http:\/\/sanboin.mahajana.net\/?page_id=14"},"modified":"2014-01-15T00:58:42","modified_gmt":"2014-01-14T23:58:42","slug":"datki","status":"publish","type":"page","link":"https:\/\/sanboin.mahajana.pl\/?page_id=14","title":{"rendered":"Datki"},"content":{"rendered":"<p>DATKI NA&nbsp;RZECZ \u015aWI\u0104TYNI I&nbsp;NUMER KONTA<\/p>\n<p>Osoby, kt\u00f3re chc\u0105 wspom\u00f3c finansowo \u015bwi\u0105tyni\u0119 i&nbsp;jej dzia\u0142alno\u015b\u0107 mog\u0105 wp\u0142aca\u0107 ofiary na&nbsp;poni\u017csze konto bankowe. Jako cel wp\u0142aty nale\u017cy zaznaczy\u0107:<\/p>\n<p>\u201e\u015aWI\u0104TYNIA SANBOIN\u201d<\/p>\n<p>Konto Z\u0141OT\u00d3WKOWE:<br \/>\nMisja Buddyjska \u2013 Trzy Schronienia w&nbsp;Polsce<br \/>\n31124018641111001001756800<\/p>\n<p>Za&nbsp;wszelkie wsparcie i&nbsp;ofiary Opat \u015bwi\u0105tyni i&nbsp;jej wierni serdecznie dzi\u0119kuj\u0105. W&nbsp;imieniu ofiarodawc\u00f3w s\u0105 czytane specjalne modlitwy, co jest zwyczajem w&nbsp;\u015bwi\u0105tyniach Soto Zen w&nbsp;Japonii i&nbsp;kontynuowane w&nbsp;\u015bwi\u0105tyni Sanboin.<\/p>\n","protected":false},"excerpt":{"rendered":"<p>DATKI NA&nbsp;RZECZ \u015aWI\u0104TYNI I&nbsp;NUMER KONTA Osoby, kt\u00f3re chc\u0105 wspom\u00f3c finansowo \u015bwi\u0105tyni\u0119 i&nbsp;jej dzia\u0142alno\u015b\u0107 mog\u0105 wp\u0142aca\u0107<a class=\"post_read_more\" href=\"https:\/\/sanboin.mahajana.pl\/?page_id=14\">Czytaj dalej<\/a><\/p>\n","protected":false},"author":1,"featured_media":238,"parent":0,"menu_order":5,"comment_status":"closed","ping_status":"closed","template":"","meta":[],"_links":{"self":[{"href":"https:\/\/sanboin.mahajana.pl\/index.php?rest_route=\/wp\/v2\/pages\/14"}],"collection":[{"href":"https:\/\/sanboin.mahajana.pl\/index.php?rest_route=\/wp\/v2\/pages"}],"about":[{"href":"https:\/\/sanboin.mahajana.pl\/index.php?rest_route=\/wp\/v2\/types\/page"}],"author":[{"embeddable":true,"href":"https:\/\/sanboin.mahajana.pl\/index.php?rest_route=\/wp\/v2\/users\/1"}],"replies":[{"embeddable":true,"href":"https:\/\/sanboin.mahajana.pl\/index.php?rest_route=%2Fwp%2Fv2%2Fcomments&post=14"}],"version-history":[{"count":5,"href":"https:\/\/sanboin.mahajana.pl\/index.php?rest_route=\/wp\/v2\/pages\/14\/revisions"}],"predecessor-version":[{"id":336,"href":"https:\/\/sanboin.mahajana.pl\/index.php?rest_route=\/wp\/v2\/pages\/14\/revisions\/336"}],"wp:featuredmedia":[{"embeddable":true,"href":"https:\/\/sanboin.mahajana.pl\/index.php?rest_route=\/wp\/v2\/media\/238"}],"wp:attachment":[{"href":"https:\/\/sanboin.mahajana.pl\/index.php?rest_route=%2Fwp%2Fv2%2Fmedia&parent=14"}],"curies":[{"name":"wp","href":"https:\/\/api.w.org\/{rel}","templated":true}]}}