{"id":16,"date":"2013-12-21T18:16:44","date_gmt":"2013-12-21T17:16:44","guid":{"rendered":"http:\/\/sanboin.mahajana.net\/?page_id=16"},"modified":"2023-06-16T21:39:58","modified_gmt":"2023-06-16T19:39:58","slug":"kontakt","status":"publish","type":"page","link":"https:\/\/sanboin.mahajana.pl\/?page_id=16","title":{"rendered":"Kontakt"},"content":{"rendered":"<p>Misja Buddyjska<br \/>\n\u015awi\u0105tynia Sanboin<br \/>\nul. Bogus\u0142awa 3, IV p.<br \/>\n70-440 Szczecin<br \/>\ne-mail: <a href=\"mailto:sanboin@mahajana.net\" target=\"_blank\" rel=\"noopener\">sanboin@mahajana.net<\/a><br \/>\nFB: https:\/\/www.facebook.com\/sanboin<\/p>\n","protected":false},"excerpt":{"rendered":"<p>Misja Buddyjska \u015awi\u0105tynia Sanboin ul.&nbsp;Bogus\u0142awa 3, IV p.&nbsp;70-440 Szczecin e-mail: sanboin@mahajana.net FB: https:\/\/www.facebook.com\/sanboin<\/p>\n","protected":false},"author":1,"featured_media":0,"parent":0,"menu_order":6,"comment_status":"closed","ping_status":"closed","template":"page-temp-contact.php","meta":[],"_links":{"self":[{"href":"https:\/\/sanboin.mahajana.pl\/index.php?rest_route=\/wp\/v2\/pages\/16"}],"collection":[{"href":"https:\/\/sanboin.mahajana.pl\/index.php?rest_route=\/wp\/v2\/pages"}],"about":[{"href":"https:\/\/sanboin.mahajana.pl\/index.php?rest_route=\/wp\/v2\/types\/page"}],"author":[{"embeddable":true,"href":"https:\/\/sanboin.mahajana.pl\/index.php?rest_route=\/wp\/v2\/users\/1"}],"replies":[{"embeddable":true,"href":"https:\/\/sanboin.mahajana.pl\/index.php?rest_route=%2Fwp%2Fv2%2Fcomments&post=16"}],"version-history":[{"count":8,"href":"https:\/\/sanboin.mahajana.pl\/index.php?rest_route=\/wp\/v2\/pages\/16\/revisions"}],"predecessor-version":[{"id":487,"href":"https:\/\/sanboin.mahajana.pl\/index.php?rest_route=\/wp\/v2\/pages\/16\/revisions\/487"}],"wp:attachment":[{"href":"https:\/\/sanboin.mahajana.pl\/index.php?rest_route=%2Fwp%2Fv2%2Fmedia&parent=16"}],"curies":[{"name":"wp","href":"https:\/\/api.w.org\/{rel}","templated":true}]}}