{"id":190,"date":"2013-12-24T22:53:36","date_gmt":"2013-12-24T21:53:36","guid":{"rendered":"http:\/\/sanboin.mahajana.net\/?page_id=190"},"modified":"2013-12-25T18:27:40","modified_gmt":"2013-12-25T17:27:40","slug":"190-2","status":"publish","type":"page","link":"https:\/\/sanboin.mahajana.pl\/?page_id=190","title":{"rendered":"Jego \u015awi\u0105tobliwo\u015b\u0107 Sojiji Zenji"},"content":{"rendered":"<p style=\"text-align: justify;\">Pe\u0142ny tytu\u0142 jaki nosz\u0105 obydwaj \u017cyj\u0105cy najwi\u0119ksi Patriarchowie tradycji Soto Zen brzmi:\u00a0<strong>Kancho Geika Daihonzan Kanshu Dai Zenji<\/strong><\/p>\n<p style=\"text-align: justify;\"><b><i>Kancho<\/i><\/b>\u00a0\u2014 oznacza \u017cyj\u0105cego patriarch\u0119 linii.<br \/>\n<b><i>Geika<\/i><\/b>\u00a0\u2014 \u015awi\u0105tobliwo\u015b\u0107.<br \/>\n<b><i>Daihonzan<\/i><\/b>\u00a0\u2014 \u201e<b><i>Wielki Honzan<\/i><\/b>\u201d;\u00a0<b><i>Honzan<\/i><\/b>\u00a0oznacza dok\u0142adnie \u201ePierwotna G\u00f3ra\u201d i&nbsp;tego okre\u015blenia u\u017cywa si\u0119 dzisiaj w&nbsp;Japonii w&nbsp;stosunku do&nbsp;wszystkich g\u0142\u00f3wnych klasztor\u00f3w, wszystkich tradycji buddyjskich.\u00a0<b><i>Dai<\/i><\/b>\u00a0oznacza \u201eWielki\u201d i&nbsp;ca\u0142o\u015b\u0107 ma znaczenie: \u201eWielki G\u0142\u00f3wny Klasztor\u201d.<br \/>\n<b><i>Kanshu<\/i><\/b>\u00a0\u2014 Oznacza G\u0142\u00f3wny Mistrz.<br \/>\n<b><i>Dai<\/i><\/b>\u00a0\u2014 Wielki.<br \/>\n<b><i>Zenji<\/i><\/b>\u00a0\u2014 Mistrz Zen.<\/p>\n<p style=\"text-align: justify;\">Ca\u0142y tytu\u0142 po&nbsp;polsku brzmi wi\u0119c:<\/p>\n<p style=\"text-align: center;\">Patriarcha Linii<br \/>\nJego \u015awi\u0105tobliwo\u015b\u0107<br \/>\nG\u0142\u00f3wny Mistrz Wielkiego G\u0142\u00f3wnego Klasztoru<br \/>\nWielki Mistrz Zen<\/p>\n<p style=\"text-align: justify;\">Obecnie panuj\u0105cym Patriarch\u0105 Sojiji, od&nbsp;2002\u00a0roku, jest\u00a0<b>Omichi Kosen Zenji<\/b>, kt\u00f3ry&nbsp;jest 24.\u00a0Patriarch\u0105 Nowego Systemu. Urodzi\u0142 si\u0119 w&nbsp;1918\u00a0roku, 18\u00a0grudnia. Praktykowa\u0142 jako mnich w&nbsp;Sojiji oraz&nbsp;uko\u0144czy\u0142 Uniwersytet Komazawa.<\/p>\n<p style=\"text-align: justify;\">Jest by\u0142 dyrektorem i&nbsp;przewodnicz\u0105cym licznych urz\u0119d\u00f3w Soto oraz&nbsp;by\u0142\u00a0<b>Docho Roshim<\/b>\u00a0\u2014 mistrzem lokalnego klasztoru treningowego Sodo \u2014&nbsp;Jokoji.<\/p>\n<p style=\"text-align: justify;\">Poprzednim Patriarch\u0105 Sojiji by\u0142 interesuj\u0105cy nauczyciel Soto \u2014\u00a0<b>Itabashi Koshu Zenji<\/b>. Urodzi\u0142 si\u0119 w&nbsp;maju 1928\u00a0roku na&nbsp;p\u00f3\u0142nocy Japonii. Mnichem zosta\u0142 w&nbsp;wieku 26\u00a0lat i&nbsp;zosta\u0142 wy\u015bwi\u0119cony na&nbsp;mnicha przez\u00a0<b>Watanabe Genshu Zenji<\/b>, kt\u00f3ry&nbsp;by\u0142 jednym z&nbsp;najwi\u0119kszych Roshich Soto Zen XX\u00a0wieku. Genshu Zenji R\u00f3wnie\u017c sprawowa\u0142 funkcj\u0119 opata Sojiji, z&nbsp;kt\u00f3rej&nbsp;sam zrezygnowa\u0142 po&nbsp;kilku latach. Za&nbsp;jego kadencji jako Opata Sojiji inny s\u0142ynny nauczyciel Sawaki Kodo Roshi by\u0142 Godo Roshim Sojiji na&nbsp;pro\u015bb\u0119 Genshu Zenji. Genshu Zenji dwukrotnie odby\u0142 wieloletni\u0105 praktyk\u0119 w&nbsp;s\u0142ynnym klasztorze Engakuji w&nbsp;Kamakurze, kt\u00f3ry&nbsp;jest z&nbsp;kolei jednym z&nbsp;g\u0142\u00f3wnych klasztor\u00f3w Rinzai. Otrzyma\u0142 r\u00f3wnie\u017c\u00a0<b><i>Inka Shomei<\/i><\/b>\u00a0od mistrza tego klasztoru.<\/p>\n<p style=\"text-align: justify;\">Itabashi Koshu Zenji zosta\u0142 opatem Sojiji w&nbsp;1998\u00a0roku i&nbsp;po&nbsp;czterech latach zrezygnowa\u0142 ze&nbsp;sprawowania funkcji Patriarchy Sojiji, podobnie jak uczyni\u0142 to&nbsp;jego nauczyciel Watanabe Genshu Zenji. Koshu Zenji przesz wiele lat by\u0142 opatem znanego i&nbsp;wa\u017cnego klasztoru Soto \u2014&nbsp;Daijoji w&nbsp;Kanazwa. Obecnie jest opatem Sojiji Soin, pierwotnego klasztoru Sojiji na&nbsp;p\u00f3\u0142wyspie Noto. Wybudowa\u0142 r\u00f3wnie\u017c \u015bwi\u0105tyni\u0119 Gotanjoji w&nbsp;Prefekturze Fukui, gdzie jak powiedzia\u0142: \u201eTak d\u0142ugo jak jeszcze mam si\u0142\u0119 i&nbsp;zdrowie, chc\u0119 kontynuowa\u0107 praktyk\u0119 jak zwyk\u0142y mnich\u201d.<\/p>\n","protected":false},"excerpt":{"rendered":"<p>Pe\u0142ny tytu\u0142 jaki nosz\u0105 obydwaj \u017cyj\u0105cy najwi\u0119ksi Patriarchowie tradycji Soto Zen brzmi:\u00a0Kancho Geika Daihonzan Kanshu<a class=\"post_read_more\" href=\"https:\/\/sanboin.mahajana.pl\/?page_id=190\">Czytaj dalej<\/a><\/p>\n","protected":false},"author":1,"featured_media":0,"parent":12,"menu_order":0,"comment_status":"closed","ping_status":"closed","template":"","meta":[],"_links":{"self":[{"href":"https:\/\/sanboin.mahajana.pl\/index.php?rest_route=\/wp\/v2\/pages\/190"}],"collection":[{"href":"https:\/\/sanboin.mahajana.pl\/index.php?rest_route=\/wp\/v2\/pages"}],"about":[{"href":"https:\/\/sanboin.mahajana.pl\/index.php?rest_route=\/wp\/v2\/types\/page"}],"author":[{"embeddable":true,"href":"https:\/\/sanboin.mahajana.pl\/index.php?rest_route=\/wp\/v2\/users\/1"}],"replies":[{"embeddable":true,"href":"https:\/\/sanboin.mahajana.pl\/index.php?rest_route=%2Fwp%2Fv2%2Fcomments&post=190"}],"version-history":[{"count":4,"href":"https:\/\/sanboin.mahajana.pl\/index.php?rest_route=\/wp\/v2\/pages\/190\/revisions"}],"predecessor-version":[{"id":251,"href":"https:\/\/sanboin.mahajana.pl\/index.php?rest_route=\/wp\/v2\/pages\/190\/revisions\/251"}],"up":[{"embeddable":true,"href":"https:\/\/sanboin.mahajana.pl\/index.php?rest_route=\/wp\/v2\/pages\/12"}],"wp:attachment":[{"href":"https:\/\/sanboin.mahajana.pl\/index.php?rest_route=%2Fwp%2Fv2%2Fmedia&parent=190"}],"curies":[{"name":"wp","href":"https:\/\/api.w.org\/{rel}","templated":true}]}}