{"id":195,"date":"2013-12-24T22:55:04","date_gmt":"2013-12-24T21:55:04","guid":{"rendered":"http:\/\/sanboin.mahajana.net\/?page_id=195"},"modified":"2013-12-26T03:34:26","modified_gmt":"2013-12-26T02:34:26","slug":"sokan-w-europie","status":"publish","type":"page","link":"https:\/\/sanboin.mahajana.pl\/?page_id=195","title":{"rendered":"Sokan w&nbsp;Europie"},"content":{"rendered":"<p>W&nbsp;Europie kilka lat temu G\u0142\u00f3wny Urz\u0105d Soto Zen otworzy\u0142 biuro swojej filii, tzw.\u00a0<i>Sokan-bu<\/i>\u00a0na Europ\u0119 z&nbsp;siedzib\u0105 we&nbsp;W\u0142oszech w&nbsp;Mediolanie. Powodem otwarcia biura jest du\u017ca ilo\u015b\u0107 o\u015brodk\u00f3w, kt\u00f3re odwo\u0142uj\u0105 si\u0119 do&nbsp;tradycji Soto Zen. Istnienie Sokan-bu ma pom\u00f3c w&nbsp;rozwoju prawdziwej tradycji Soto Zen w&nbsp;Europie, jednocze\u015bnie wspieraj\u0105c istniej\u0105ce o\u015brodki oraz&nbsp;by&nbsp;przezwyci\u0119\u017cy\u0107 nawarstwione w&nbsp;ci\u0105gu ostatnich 40\u00a0lat b\u0142\u0119dy z&nbsp;powodu braku kompetentnych i&nbsp;wykszta\u0142conych nauczycieli w&nbsp;Europie.<\/p>\n<p>Szef biura G\u0142\u00f3wnego Urz\u0119du Soto Zen nosi tytu\u0142 Sokan, co niekt\u00f3rzy t\u0142umacz\u0105, jako \u201ebiskup\u201d lub \u201earcybiskup\u201d, ale&nbsp;trudno by\u0142oby znale\u017a\u0107 w\u0142a\u015bciwy odpowiednik w&nbsp;j\u0119zyku zachodnim, dlatego pozostaniemy przy nazwie japo\u0144skiej. Jednocze\u015bnie opr\u00f3cz stanowiska administracyjnego Sokan pe\u0142ni r\u00f3wnie\u017c stanowisko g\u0142\u00f3wnego nauczyciela Soto Zen w&nbsp;Europie. Na&nbsp;to&nbsp;stanowisko powo\u0142ywani s\u0105 kap\u0142ani o&nbsp;wysokim statusie w&nbsp;hierarchii Soto i&nbsp;s\u0105 to&nbsp;w&nbsp;pe\u0142ni kompetentni nauczyciele.<\/p>\n<p>Pierwszym Sokan i&nbsp;nauczycielem na&nbsp;Europ\u0119 zosta\u0142 Harada Sekkei Roshi, opat s\u0142ynnego klasztoru Hosshinji. Sekkei Roshi zrezygnowa\u0142 z&nbsp;pe\u0142nionej funkcji w&nbsp;sierpniu 2004\u00a0roku i&nbsp;powr\u00f3ci\u0142 do&nbsp;Hosshinji. Obecnie pozycj\u0119 Sokan w&nbsp;Europie zajmuje Imamura Genshu Roshi. Obydwaj nauczyciele pracuj\u0105 nad&nbsp;w\u0142a\u015bciwym rozwojem tradycji Soto w&nbsp;Europie, cho\u0107 napotyka to&nbsp;wci\u0105\u017c na&nbsp;przeszkody. Jednocze\u015bnie wyra\u017caj\u0105 oni swoje pragnienie dla poprawienia sytuacji w&nbsp;Europie.<\/p>\n<p>Czas poka\u017ce, na&nbsp;ile pomocne dla samej tradycji Soto w&nbsp;Europie b\u0119dzie istnienie tego wa\u017cnego biura.<\/p>\n<p>&nbsp;<\/p>\n<p style=\"text-align: center;\">\u00a0Link do&nbsp;<em>Sokan-bu<\/em><\/p>\n<p><a href=\"http:\/\/sotozen.eu\/\" target=\"_blank\"><img decoding=\"async\" loading=\"lazy\" class=\"size-full wp-image-264 aligncenter\" alt=\"logo\" src=\"http:\/\/sanboin.mahajana.net\/wp-content\/uploads\/2013\/12\/logo.gif\" width=\"293\" height=\"60\" \/><\/a><\/p>\n<p>&nbsp;<\/p>\n","protected":false},"excerpt":{"rendered":"<p>W&nbsp;Europie kilka lat temu G\u0142\u00f3wny Urz\u0105d Soto Zen otworzy\u0142 biuro swojej filii, tzw.\u00a0Sokan-bu\u00a0na Europ\u0119 z&nbsp;siedzib\u0105<a class=\"post_read_more\" href=\"https:\/\/sanboin.mahajana.pl\/?page_id=195\">Czytaj dalej<\/a><\/p>\n","protected":false},"author":1,"featured_media":289,"parent":12,"menu_order":0,"comment_status":"closed","ping_status":"closed","template":"","meta":[],"_links":{"self":[{"href":"https:\/\/sanboin.mahajana.pl\/index.php?rest_route=\/wp\/v2\/pages\/195"}],"collection":[{"href":"https:\/\/sanboin.mahajana.pl\/index.php?rest_route=\/wp\/v2\/pages"}],"about":[{"href":"https:\/\/sanboin.mahajana.pl\/index.php?rest_route=\/wp\/v2\/types\/page"}],"author":[{"embeddable":true,"href":"https:\/\/sanboin.mahajana.pl\/index.php?rest_route=\/wp\/v2\/users\/1"}],"replies":[{"embeddable":true,"href":"https:\/\/sanboin.mahajana.pl\/index.php?rest_route=%2Fwp%2Fv2%2Fcomments&post=195"}],"version-history":[{"count":13,"href":"https:\/\/sanboin.mahajana.pl\/index.php?rest_route=\/wp\/v2\/pages\/195\/revisions"}],"predecessor-version":[{"id":276,"href":"https:\/\/sanboin.mahajana.pl\/index.php?rest_route=\/wp\/v2\/pages\/195\/revisions\/276"}],"up":[{"embeddable":true,"href":"https:\/\/sanboin.mahajana.pl\/index.php?rest_route=\/wp\/v2\/pages\/12"}],"wp:featuredmedia":[{"embeddable":true,"href":"https:\/\/sanboin.mahajana.pl\/index.php?rest_route=\/wp\/v2\/media\/289"}],"wp:attachment":[{"href":"https:\/\/sanboin.mahajana.pl\/index.php?rest_route=%2Fwp%2Fv2%2Fmedia&parent=195"}],"curies":[{"name":"wp","href":"https:\/\/api.w.org\/{rel}","templated":true}]}}