{"id":52,"date":"2013-12-21T20:28:43","date_gmt":"2013-12-21T19:28:43","guid":{"rendered":"http:\/\/sanboin.mahajana.net\/?page_id=52"},"modified":"2013-12-25T13:19:43","modified_gmt":"2013-12-25T12:19:43","slug":"swieta-buddyjskie","status":"publish","type":"page","link":"https:\/\/sanboin.mahajana.pl\/?page_id=52","title":{"rendered":"\u015awi\u0119ta buddyjskie"},"content":{"rendered":"<p style=\"text-align: justify;\">W&nbsp;Japonii wszystkie \u015bwi\u0105tynie Soto obchodz\u0105 nast\u0119puj\u0105ce \u015bwi\u0119ta buddyjskie:<\/p>\n<p style=\"text-align: left;\"><strong>Stycze\u0144<\/strong><\/p>\n<p><span style=\"text-align: justify;\">&#8211; Pierwszy dzie\u0144 miesi\u0105ca, Nowy Rok, wielka ceremonia oddalaj\u0105ca nieszcz\u0119\u015bcia i&nbsp;przynosz\u0105ca b\u0142ogos\u0142awie\u0144stwa Buddh\u00f3w, Bodhisattw\u00f3w i&nbsp;B\u00f3stw-Opiekun\u00f3w<\/span><br \/>\n<span style=\"text-align: justify;\">&#8211; Od&nbsp;pierwszego do&nbsp;trzeciego dnia miesi\u0105ca czytanie 600 tom\u00f3w Maha Prad\u017cnia Paramity Sutry<\/span><br \/>\n<span style=\"text-align: justify;\">&#8211; 26. dzie\u0144 miesi\u0105ca Dzie\u0144 Urodzin Koso Joyo Daishi \u2014&nbsp;Eihei Dogen Zenji<\/span><\/p>\n<p style=\"text-align: justify;\"><strong>Luty<\/strong><\/p>\n<p><span style=\"text-align: justify;\">&#8211; 15. dzie\u0144 miesi\u0105ca, Parinirwana Siakiamuniego Buddhy<\/span><br \/>\n<span style=\"text-align: justify;\">&#8211; Od&nbsp;1. do&nbsp;15. dnia miesi\u0105ca codzienne czytanie Kr\u00f3tkiej Sutry Nirwany<\/span><\/p>\n<p style=\"text-align: justify;\"><strong>Marzec<\/strong><\/p>\n<p><span style=\"text-align: justify;\">&#8211; Od&nbsp;15. do&nbsp;21. dnia miesi\u0105ca, przez&nbsp;tydzie\u0144, Wiosenny O-higan, Wiosenne \u015awi\u0119to Zmar\u0142ych<\/span><\/p>\n<p style=\"text-align: justify;\"><strong>Kwiecie\u0144<\/strong><\/p>\n<p><span style=\"text-align: justify;\">&#8211; \u00d3smy dzie\u0144 miesi\u0105ca, Hanamatsuri, Dzie\u0144 Narodzin Buddhy<\/span><\/p>\n<p style=\"text-align: justify;\"><strong>Maj<\/strong><\/p>\n<p><span style=\"text-align: justify;\">&#8211; miesi\u0105c pielgrzymek i&nbsp;odwiedzin \u015bwi\u0105ty\u0144<\/span><\/p>\n<p style=\"text-align: justify;\"><strong>Czerwiec<\/strong><\/p>\n<p style=\"text-align: justify;\"><strong>Lipiec<\/strong><\/p>\n<p style=\"text-align: justify;\"><strong>Sierpie\u0144<\/strong><\/p>\n<p><span style=\"text-align: justify;\">&#8211; 15 dzie\u0144 miesi\u0105ca, O-bon, \u015awi\u0119to Ullambana, koniec letniego odosobnienia Sanghi i&nbsp;dzie\u0144 uwalniania zmar\u0142ych<\/span><\/p>\n<p style=\"text-align: justify;\"><strong>Wrzesie\u0144<\/strong><\/p>\n<p><span style=\"text-align: justify;\">&#8211; Od&nbsp;16. do&nbsp;23. dnia miesi\u0105ca, przez&nbsp;tydzie\u0144, Jesienny\u00a0<\/span><i style=\"text-align: justify;\">O-higan<\/i><span style=\"text-align: justify;\">, Jesienne \u015awi\u0119to Zmar\u0142ych<\/span><br \/>\n<span style=\"text-align: justify;\">&#8211; 29. dzie\u0144 miesi\u0105ca Dzie\u0144 Pami\u0119ci Obu Patriarch\u00f3w<\/span><\/p>\n<p style=\"text-align: justify;\"><strong>Pa\u017adziernik<\/strong><\/p>\n<p><span style=\"text-align: justify;\">&#8211; 5 dzie\u0144 miesi\u0105ca, \u015awi\u0119to Bodhidharmy, tzw.\u00a0<\/span><i style=\"text-align: justify;\">Daruma-ki<\/i><\/p>\n<p style=\"text-align: justify;\"><strong>Listopad<\/strong><\/p>\n<p><span style=\"text-align: justify;\">&#8211; miesi\u0105c pielgrzymek i&nbsp;odwiedzin \u015bwi\u0105ty\u0144<br \/>\n<\/span><span style=\"text-align: justify;\">&#8211; 21. dzie\u0144 miesi\u0105ca, Dzie\u0144 Urodzin Taiso Josai Daishi \u2014&nbsp;Keizan Jokin Zenji<\/span><\/p>\n<p style=\"text-align: justify;\"><strong>Grudzie\u0144<\/strong><\/p>\n<p><span style=\"text-align: justify;\">&#8211; \u00d3smy dzie\u0144 miesi\u0105ca,\u00a0<\/span><i style=\"text-align: justify;\">Jodo-e<\/i><span style=\"text-align: justify;\">\u00a0\u2014 Dzie\u0144 O\u015bwiecenia Siakiamuniego Buddhy<\/span><\/p>\n<p style=\"text-align: justify;\">Wszystkie daty \u015bwi\u0105t w&nbsp;tradycji Soto oparte s\u0105 na&nbsp;edykcie zwanym\u00a0<i>Soshiki kaisei jorei<\/i>\u00a0z 20\u00a0pa\u017adziernika 1877\u00a0roku. Uczeni i&nbsp;nauczyciele Soto Zen obliczyli w\u00f3wczas daty \u015bwi\u0105t i&nbsp;dostosowali je do&nbsp;kalendarza s\u0142onecznego stosowanego na&nbsp;Zachodzie.<\/p>\n<h2 style=\"text-align: center;\">Kr\u00f3tka uwaga historyczna dotycz\u0105ca dat \u015bwi\u0105t buddyjskich w&nbsp;Japonii<\/h2>\n<p style=\"text-align: justify;\">W\u00a01877\u00a0roku porzucono kalendarz ksi\u0119\u017cycowy, kt\u00f3ry&nbsp;wcze\u015bniej obowi\u0105zywa\u0142 w&nbsp;ca\u0142ej Japonii, podobnie jak we&nbsp;wszystkich krajach Azji. Przyczyn\u0105 by\u0142a zmiana polityki rz\u0105du japo\u0144skiego, kt\u00f3ry&nbsp;gwa\u0142townie usi\u0142owa\u0142 modernizowa\u0107 kraj, by&nbsp;uchroni\u0107 si\u0119 przed&nbsp;kolonizacj\u0105 ze&nbsp;strony Stan\u00f3w Zjednoczonych, Rosji i&nbsp;innych mocarstw kolonialnych. Przyj\u0119to w\u00f3wczas zachodni\u0105 wersj\u0119 rozwoju technicznego i&nbsp;spo\u0142ecznego burz\u0105c dotychczasowy porz\u0105dek polityczny, gospodarczy i&nbsp;religijny. Rz\u0105d wprowadzi\u0142 w&nbsp;tym okresie zachodni kalendarz, jednocze\u015bnie czyni\u0105c naciski na&nbsp;istniej\u0105ce w&nbsp;Japonii szko\u0142y buddyjskie i&nbsp;podporz\u0105dkowuj\u0105c je nowym zmianom.<\/p>\n","protected":false},"excerpt":{"rendered":"<p>W&nbsp;Japonii wszystkie \u015bwi\u0105tynie Soto obchodz\u0105 nast\u0119puj\u0105ce \u015bwi\u0119ta buddyjskie: Stycze\u0144 &#8211; Pierwszy dzie\u0144 miesi\u0105ca, Nowy Rok,<a class=\"post_read_more\" href=\"https:\/\/sanboin.mahajana.pl\/?page_id=52\">Czytaj dalej<\/a><\/p>\n","protected":false},"author":1,"featured_media":235,"parent":7,"menu_order":0,"comment_status":"closed","ping_status":"closed","template":"","meta":[],"_links":{"self":[{"href":"https:\/\/sanboin.mahajana.pl\/index.php?rest_route=\/wp\/v2\/pages\/52"}],"collection":[{"href":"https:\/\/sanboin.mahajana.pl\/index.php?rest_route=\/wp\/v2\/pages"}],"about":[{"href":"https:\/\/sanboin.mahajana.pl\/index.php?rest_route=\/wp\/v2\/types\/page"}],"author":[{"embeddable":true,"href":"https:\/\/sanboin.mahajana.pl\/index.php?rest_route=\/wp\/v2\/users\/1"}],"replies":[{"embeddable":true,"href":"https:\/\/sanboin.mahajana.pl\/index.php?rest_route=%2Fwp%2Fv2%2Fcomments&post=52"}],"version-history":[{"count":13,"href":"https:\/\/sanboin.mahajana.pl\/index.php?rest_route=\/wp\/v2\/pages\/52\/revisions"}],"predecessor-version":[{"id":157,"href":"https:\/\/sanboin.mahajana.pl\/index.php?rest_route=\/wp\/v2\/pages\/52\/revisions\/157"}],"up":[{"embeddable":true,"href":"https:\/\/sanboin.mahajana.pl\/index.php?rest_route=\/wp\/v2\/pages\/7"}],"wp:featuredmedia":[{"embeddable":true,"href":"https:\/\/sanboin.mahajana.pl\/index.php?rest_route=\/wp\/v2\/media\/235"}],"wp:attachment":[{"href":"https:\/\/sanboin.mahajana.pl\/index.php?rest_route=%2Fwp%2Fv2%2Fmedia&parent=52"}],"curies":[{"name":"wp","href":"https:\/\/api.w.org\/{rel}","templated":true}]}}