{"id":54,"date":"2013-12-21T20:29:06","date_gmt":"2013-12-21T19:29:06","guid":{"rendered":"http:\/\/sanboin.mahajana.net\/?page_id=54"},"modified":"2013-12-25T13:40:22","modified_gmt":"2013-12-25T12:40:22","slug":"dzialalnosc-swiatyni","status":"publish","type":"page","link":"https:\/\/sanboin.mahajana.pl\/?page_id=54","title":{"rendered":"Dzia\u0142alno\u015b\u0107 \u015bwi\u0105tyni"},"content":{"rendered":"<p>Hakubaizan Sanboin \u2013 \u015awi\u0105tynia Buddyjska Trzech Klejnot\u00f3w G\u00f3ry Bia\u0142ej \u015aliwy \u2013 prowadzi szerok\u0105 dzia\u0142alno\u015b\u0107.<\/p>\n<p><i>1. Wyk\u0142ady Dharmy w&nbsp;niedziel\u0119, \u015bwi\u0119ta buddyjskie, pogrzeby i&nbsp;indywidualne ceremonie przeznaczone s\u0105 dla wszystkich ludzi, zar\u00f3wno\u00a0buddyst\u00f3w jak i&nbsp;nie-buddyst\u00f3w.<\/i><\/p>\n<p><i>2.\u00a0Schronienia\u00a0buddyjskie udzielane s\u0105 osobom, kt\u00f3re chc\u0105\u00a0zosta\u0107 buddystami.<\/i><\/p>\n<p><i>3. Praktyki buddyjskie takie jak zazen, medytacje, Skrucha, Fusatsu \u2013 Odnowienie Wskaza\u0144 oraz&nbsp;Jukai \u2013 Otrzymanie Wskaza\u0144 i&nbsp;wy\u015bwi\u0119cenia s\u0105 przeznaczone\u00a0wy\u0142\u0105cznie dla buddyst\u00f3w.<\/i><\/p>\n<p>4. Codzienna praktyka<\/p>\n<p>Po&nbsp;pierwsze jest organizowana dla buddyst\u00f3w ze&nbsp;Szczecina. Regularnie raz w&nbsp;tygodniu,\u00a0<i>co niedziel\u0119<\/i>\u00a0odbywaj\u0105 si\u0119 ceremonie i&nbsp;nauki Dharmy oraz&nbsp;spotkania medytacyjne zazen.<\/p>\n<p>5. \u015awi\u0119ta buddyjskie w&nbsp;Sanboin<\/p>\n<p>W&nbsp;ci\u0105gu roku odbywaj\u0105 si\u0119 nast\u0119puj\u0105ce\u00a0\u015bwi\u0119ta\u00a0buddyjskie:<\/p>\n<p>-1 stycznia o&nbsp;godzinie 11.00 zawsze jest Ceremonia Noworoczna<br \/>\n-15 lutego jest Dzie\u0144 Parinirwany Buddhy<br \/>\n-21 marca jest Wiosenny O-higan<br \/>\n-Maj &#8211; w&nbsp;pe\u0142ni\u0119 ksi\u0119\u017cyca jest Dzie\u0144 Narodzin Buddhy<br \/>\n-15 sierpnia jest \u015bwi\u0119to O-bon<br \/>\n-23 wrze\u015bnia jest Jesienny O-higan<br \/>\n-5 pa\u017adziernika jest Dzie\u0144 Bodhidharmy<\/p>\n<p>Inne \u015bwi\u0119ta tradycji Soto Zen obchodzone s\u0105 w&nbsp;zale\u017cno\u015bci od&nbsp;obecno\u015bci Opata lub innych duchownych w&nbsp;\u015bwi\u0105tyni.<\/p>\n<p>6. Indywidualne ceremonie<\/p>\n<p>\u015awi\u0105tynia prowadzi rytua\u0142y pogrzebowe oraz&nbsp;na&nbsp;prywatne pro\u015bby-modlitwy za&nbsp;zmar\u0142ych cz\u0142onk\u00f3w rodziny i&nbsp;tzw.\u00a0<i>Go-kito<\/i>, intencjonalne modlitwy za&nbsp;pomy\u015blno\u015b\u0107 i&nbsp;w&nbsp;intencji ochrony os\u00f3b, dom\u00f3w, mieszka\u0144 etc.<\/p>\n<p>7. Schronienia i&nbsp;Jukai<\/p>\n<p>Osoby pragn\u0105ce zosta\u0107 buddystami mog\u0105 przyj\u0105\u0107\u00a0<i>Schronienia<\/i>\u00a0buddyjskie. Osoby, kt\u00f3re zdecydowa\u0142y si\u0119 na&nbsp;przyj\u0119cie Wskaza\u0144 w&nbsp;tradycji Soto Zen i&nbsp;wcze\u015bniej otrzyma\u0142y Schronienia, mog\u0105 r\u00f3wnie\u017c otrzyma\u0107\u00a0<i>Jukai<\/i>.<\/p>\n<p>8. Rytua\u0142 Skruchy i&nbsp;Fusatsu \u2013 Odnowienia Wskaza\u0144<\/p>\n<p><i>Skrucha Przed&nbsp;88 Buddhami \u2013 Tanbutsu-e<\/i>\u00a0oraz\u00a0<i>Odnowienie Wskaza\u0144 \u2013 Fusatsu<\/i>\u00a0odbywaj\u0105 si\u0119 przy r\u00f3\u017cnych okazjach i&nbsp;przypadaj\u0105 zazwyczaj na&nbsp;pe\u0142ni\u0119 lub n\u00f3w ksi\u0119\u017cyca.<\/p>\n<p>9. Wy\u015bwi\u0119cenie<\/p>\n<p>Istnieje r\u00f3wnie\u017c mo\u017cliwo\u015b\u0107\u00a0<i>wy\u015bwi\u0119cenia<\/i>\u00a0w \u015bwi\u0105tyni na&nbsp;mnicha lub mniszk\u0119, wi\u0105\u017ce si\u0119 to&nbsp;z&nbsp;obowi\u0105zkiem wyjazdu do&nbsp;Japonii i&nbsp;praktyki przez&nbsp;d\u0142u\u017cszy czas w&nbsp;zamkni\u0119tym klasztorze.<\/p>\n","protected":false},"excerpt":{"rendered":"<p>Hakubaizan Sanboin \u2013 \u015awi\u0105tynia Buddyjska Trzech Klejnot\u00f3w G\u00f3ry Bia\u0142ej \u015aliwy \u2013 prowadzi szerok\u0105 dzia\u0142alno\u015b\u0107. 1.<a class=\"post_read_more\" href=\"https:\/\/sanboin.mahajana.pl\/?page_id=54\">Czytaj dalej<\/a><\/p>\n","protected":false},"author":1,"featured_media":236,"parent":7,"menu_order":0,"comment_status":"closed","ping_status":"closed","template":"","meta":[],"_links":{"self":[{"href":"https:\/\/sanboin.mahajana.pl\/index.php?rest_route=\/wp\/v2\/pages\/54"}],"collection":[{"href":"https:\/\/sanboin.mahajana.pl\/index.php?rest_route=\/wp\/v2\/pages"}],"about":[{"href":"https:\/\/sanboin.mahajana.pl\/index.php?rest_route=\/wp\/v2\/types\/page"}],"author":[{"embeddable":true,"href":"https:\/\/sanboin.mahajana.pl\/index.php?rest_route=\/wp\/v2\/users\/1"}],"replies":[{"embeddable":true,"href":"https:\/\/sanboin.mahajana.pl\/index.php?rest_route=%2Fwp%2Fv2%2Fcomments&post=54"}],"version-history":[{"count":5,"href":"https:\/\/sanboin.mahajana.pl\/index.php?rest_route=\/wp\/v2\/pages\/54\/revisions"}],"predecessor-version":[{"id":160,"href":"https:\/\/sanboin.mahajana.pl\/index.php?rest_route=\/wp\/v2\/pages\/54\/revisions\/160"}],"up":[{"embeddable":true,"href":"https:\/\/sanboin.mahajana.pl\/index.php?rest_route=\/wp\/v2\/pages\/7"}],"wp:featuredmedia":[{"embeddable":true,"href":"https:\/\/sanboin.mahajana.pl\/index.php?rest_route=\/wp\/v2\/media\/236"}],"wp:attachment":[{"href":"https:\/\/sanboin.mahajana.pl\/index.php?rest_route=%2Fwp%2Fv2%2Fmedia&parent=54"}],"curies":[{"name":"wp","href":"https:\/\/api.w.org\/{rel}","templated":true}]}}