{"id":7,"date":"2013-12-21T18:14:17","date_gmt":"2013-12-21T17:14:17","guid":{"rendered":"http:\/\/sanboin.mahajana.net\/?page_id=7"},"modified":"2013-12-26T22:15:55","modified_gmt":"2013-12-26T21:15:55","slug":"swiatynia-sanboin","status":"publish","type":"page","link":"https:\/\/sanboin.mahajana.pl\/?page_id=7","title":{"rendered":"\u015awi\u0105tynia Sanboin"},"content":{"rendered":"<h2 style=\"text-align: center;\">KR\u00d3TKIE WYJA\u015aNIENIE NAZWY \u015aWI\u0104TYNI<\/h2>\n<p style=\"text-align: justify;\">\u015awi\u0105tynia znajduje si\u0119 w&nbsp;Polsce w&nbsp;mie\u015bcie Szczecinie i&nbsp;nale\u017cy do&nbsp;tradycji japo\u0144skiej szko\u0142y buddyjskiej zen s\u014dt\u014d, a&nbsp;prawnie dzia\u0142a w&nbsp;ramach Misji Buddyjskiej w&nbsp;Polsce.<\/p>\n<p style=\"text-align: justify;\">\u015awi\u0105tynia nosi pe\u0142n\u0105 nazw\u0119\u00a0HAKUBAIZAN SANBOIN. Nazwa HAKUBAIZAN jest tak&nbsp;zwanym GO \u015bwi\u0105tyni i&nbsp;oznacza nazw\u0119 g\u00f3ry, na&nbsp;kt\u00f3rej&nbsp;wybudowano \u015bwi\u0105tyni\u0119. W&nbsp;dawnych czasach \u015bwi\u0105tynie zen budowano w&nbsp;ustronnych miejscach, cz\u0119sto na&nbsp;szczytach i&nbsp;zboczach g\u00f3r oraz&nbsp;u&nbsp;ich podn\u00f3\u017ca. W&nbsp;ten spos\u00f3b idealnie nadawa\u0142y si\u0119 na&nbsp;odosobnienia do&nbsp;praktyki medytacji.<\/p>\n<p style=\"text-align: justify;\">Cho\u0107 Szczecin jest du\u017cym miastem i&nbsp;nie&nbsp;ma w&nbsp;nim g\u00f3r, to&nbsp;z&nbsp;powodu tej&nbsp;pradawnej tradycji Sanb\u014din otrzyma\u0142o swoje GO, to&nbsp;jest nazw\u0119 g\u00f3ry. Jest r\u00f3wnie\u017c bardziej szczeg\u00f3\u0142owe wyt\u0142umaczenie, dlaczego dzisiaj u\u017cywa si\u0119 GO w&nbsp;stosunku do&nbsp;wszystkich \u015bwi\u0105ty\u0144 zen, nawet tych, kt\u00f3re stoj\u0105 w&nbsp;centrum ruchliwych i&nbsp;ha\u0142a\u015bliwych miast, ale&nbsp;w&nbsp;tym opisie zostanie ono pomini\u0119te.<\/p>\n<p style=\"text-align: justify;\">Nazwa HAKUBAIZAN oznacza w&nbsp;j\u0119zyku polskim G\u00f3ra Bia\u0142ej \u015aliwy. Bia\u0142a \u015bliwa jest symbolem cz\u0119sto pojawiaj\u0105cym si\u0119 w&nbsp;tradycji i&nbsp;pi\u015bmiennictwie zen s\u014dt\u014d, jako symbol O\u015bwiecenia Buddhy Siakiamuniego i&nbsp;Natury Buddhy. \u015aliwy w&nbsp;Chinach i&nbsp;Japonii kwitn\u0105 w&nbsp;najch\u0142odniejszym okresie zimy. \u017baden kwiat nie&nbsp;jest w&nbsp;stanie przetrwa\u0107 mroz\u00f3w w&nbsp;lutym, jednak\u017ce drzewa \u015bliwy kwitn\u0105 w\u0142a\u015bnie w&nbsp;tym czasie. Kwiaty \u015bliwy odznaczaj\u0105 si\u0119 wielk\u0105 odporno\u015bci\u0105 na&nbsp;mr\u00f3z, pozostaj\u0105 na&nbsp;drzewach przez&nbsp;co najmniej miesi\u0105c i&nbsp;wydzielaj\u0105 przepi\u0119kny zapach. To&nbsp;kojarzy\u0142o si\u0119 Chi\u0144czykom i&nbsp;Japo\u0144czykom z&nbsp;czym\u015b niezniszczalnym i&nbsp;cudownym, nawet w&nbsp;tak&nbsp;nieprzyjaznym i&nbsp;pe\u0142nym cierpienia \u015bwiecie, jak \u015bwiat sansary. Dlatego u\u017cywano tych kwiat\u00f3w jako symbolu niezniszczalnej Natury Buddhy oraz&nbsp;niezniszczalnego Doskona\u0142ego O\u015bwiecenia \u2014&nbsp;Anuttara Samyak Sambodhi.<\/p>\n<p style=\"text-align: justify;\">SANBOIN jest w\u0142a\u015bciw\u0105 nazw\u0105 \u015bwi\u0105tyni i&nbsp;oznacza Trzy Klejnoty \u2014&nbsp;Buddh\u0119, Dharm\u0119 i&nbsp;Sangh\u0119. Trzy Klejnoty s\u0105 podstaw\u0105 wszystkich \u015bcie\u017cek i&nbsp;praktyk buddyjskich. Nie&nbsp;ma ani jednej tradycji buddyjskiej, kt\u00f3ra&nbsp;nie&nbsp;opiera\u0142aby si\u0119 na&nbsp;Trzech Klejnotach. By&nbsp;u\u015bwiadomi\u0107 to&nbsp;wszystkim ludziom w&nbsp;kraju, w&nbsp;kt\u00f3rym&nbsp;buddyzm dopiero si\u0119 pojawi\u0142, wybrano t\u0119 w\u0142a\u015bnie nazw\u0119.<\/p>\n<p style=\"text-align: justify;\">Ko\u0144c\u00f3wka IN w&nbsp;nazwie SANBOIN oznacza \u201e\u015bwi\u0105tyni\u0119\u201d mo\u017cna te\u017c interpretowa\u0107 jako \u201esanktuarium\u201d. Zazwyczaj ko\u0144c\u00f3wka w&nbsp;nazwie japo\u0144skiej \u015bwi\u0105tyni brzmi JI (po&nbsp;polsku wymawiane jak 'dzi&#8217;), ale&nbsp;SANBOIN jest male\u0144k\u0105 \u015bwi\u0105tyni\u0105 o&nbsp;niewielkim znaczeniu i&nbsp;statusie, dlatego skromniejsza ko\u0144c\u00f3wka IN jest bardziej stosowna w&nbsp;tym przypadku. JI u\u017cywa si\u0119 w&nbsp;stosunku do&nbsp;g\u0142\u00f3wnych klasztor\u00f3w, starych \u015bwi\u0105ty\u0144 lub nowo za\u0142o\u017conych, ale&nbsp;przez&nbsp;s\u0142ynnych nauczycieli lub te\u017c wysokich rang\u0105 kap\u0142an\u00f3w.<\/p>\n<h2 style=\"text-align: center;\">HISTORIA POWSTANIA \u015aWI\u0104TYNI<\/h2>\n<p style=\"text-align: justify;\">\u015awi\u0105tynia powsta\u0142a w&nbsp;1995 roku w&nbsp;grudniu na&nbsp;pro\u015bb\u0119 buddyst\u00f3w, kt\u00f3rzy&nbsp;mieszkali w&nbsp;Szczecinie. Szczecin oddalony od&nbsp;g\u0142\u00f3wnych centr\u00f3w w&nbsp;kraju nie&nbsp;mia\u0142 takiego miejsca, gdzie buddy\u015bci oraz&nbsp;osoby zainteresowane mog\u0142yby uczy\u0107 si\u0119 Dharmy lub spotyka\u0107 r\u00f3\u017cnych nauczycieli. Miejsce, w&nbsp;kt\u00f3rym&nbsp;jest \u015bwi\u0105tynia, to&nbsp;samo centrum miasta z&nbsp;\u0142atwym dost\u0119pem dla wszystkich. \u015awi\u0105tynia za\u0142o\u017cona by\u0142a od&nbsp;pocz\u0105tku w&nbsp;mieszkaniu jednego ze&nbsp;\u015bwieckich buddyst\u00f3w, kt\u00f3ry&nbsp;odsprzeda\u0142 je Misji Buddyjskiej w&nbsp;1998 roku. Mieszkanie ma jeden du\u017cy pok\u00f3j, kt\u00f3ry&nbsp;s\u0142u\u017cy jako HONDO \u2014&nbsp;g\u0142\u00f3wne pomieszczenie \u015bwi\u0105tynne o&nbsp;powierzchni niepe\u0142nych 30 metr\u00f3w kwadratowych, oraz&nbsp;dwa pokoje mieszkalne, jedno pomieszczenie biurowe oraz&nbsp;kuchni\u0119, \u0142azienk\u0119 i&nbsp;du\u017cy przedpok\u00f3j.<\/p>\n<p style=\"text-align: justify;\">Cho\u0107 ca\u0142o\u015b\u0107 nie&nbsp;przekracza 100 metr\u00f3w kwadratowych, to&nbsp;w&nbsp;czasie ceremonii noworocznej potrafi si\u0119 w&nbsp;nim pomie\u015bci\u0107 do&nbsp;55-60 os\u00f3b. Do&nbsp;ko\u0144ca 1998 roku regularnie odbywa\u0142y si\u0119 kr\u00f3tkie trzydniowe odosobnienia w&nbsp;\u015bwi\u0105tyni w&nbsp;czasie pierwszych trzech dni miesi\u0105ca. Jednak\u017ce wzrastaj\u0105ce zainteresowanie i&nbsp;zbyt skromne warunki uniemo\u017cliwi\u0142y dalsz\u0105 kontynuacj\u0119 tych odosobnie\u0144. Od&nbsp;kilku lat \u015bwi\u0105tynia organizuje d\u0142u\u017csze odosobnienia w&nbsp;lutym w&nbsp;specjalnie wynaj\u0119tym poza miastem miejscu.<\/p>\n<p style=\"text-align: justify;\">Od&nbsp;samego pocz\u0105tku istnienia \u015bwi\u0105tyni r\u00f3wnie\u017c buddy\u015bci innych tradycji regularnie u\u017cywali jej do&nbsp;swoich praktyk.<\/p>\n<p style=\"text-align: justify;\">Zanim Sanboin znalaz\u0142 sobie miejsce w&nbsp;obecnym lokalu odbywa\u0142y si\u0119 w&nbsp;nim ju\u017c od&nbsp;wielu lat praktyki buddyjskie, g\u0142\u00f3wnie buddyst\u00f3w zwi\u0105zanych z&nbsp;tradycj\u0105 Karma Kagyu, nazywanej te\u017c Karma Kamtzang. Przez&nbsp;ca\u0142y rok w&nbsp;okresie od&nbsp;pa\u017adziernika 1994 roku do&nbsp;pa\u017adziernika 1995 roku mia\u0142 w&nbsp;tym samym miejscu sw\u00f3j o\u015brodek Lama Jigme Tenzin z&nbsp;klasztoru Jego Eminencji Kalu Rinpocze w&nbsp;Sonadzie, kt\u00f3ry&nbsp;reprezentowa\u0142 tradycj\u0119 Szangpa Kagyu. Niestety ten m\u0142ody lama z&nbsp;powodu trudno\u015bci formalnych i&nbsp;urz\u0119dowych problem\u00f3w nie&nbsp;mia\u0142 mo\u017cliwo\u015bci przed\u0142u\u017cenia swojego pobytu w&nbsp;Polsce i&nbsp;musia\u0142 powr\u00f3ci\u0107 do&nbsp;Indii.<br \/>\nW Sanboin odby\u0142o si\u0119 r\u00f3wnie\u017c wiele kurs\u00f3w z&nbsp;r\u00f3\u017cnymi nauczycielami, szczeg\u00f3lnie nauczaj\u0105cymi Dharmy w&nbsp;tradycji buddyzmu tybeta\u0144skiego. Nale\u017celi do&nbsp;nich Lama Jampa Thaye z&nbsp;Anglii, Gesze Tenpa Cheopel z&nbsp;Berlina, uczniowie Khenpo Tsultrim Gyamtso jak Jim Scott i&nbsp;Carl Buchholz oraz&nbsp;inni nauczyciele.<\/p>\n<p style=\"text-align: justify;\">Obecnie Opat prowadzi cotygodniowe nauki, kt\u00f3re s\u0105 otwarte dla wszystkich. Obejmuj\u0105 one komentarz do&nbsp;Da\u015babhumika vibhasa, Arya Nagard\u017cuny. Da\u015babhumika-vibhasa jest autokomentarzem Nagard\u017cuny do&nbsp;w\u0142asnego tekstu omawiaj\u0105cego Da\u015babhumi \u2014&nbsp;czyli dziesi\u0119\u0107 poziom\u00f3w o\u015bwiecenia Bodhisattwy na&nbsp;\u015bcie\u017cce osi\u0105gni\u0119cia Stanu Buddhy. S\u0105 to&nbsp;nauki Mahajana i&nbsp;omawiany tekst dotyczy wy\u0142\u0105cznie pierwszego bhumi, czyli stanu wielkiej rado\u015bci, w&nbsp;sanskrycie pramuditabhumi. Zako\u0144czenie komentarza do&nbsp;ca\u0142ego tekstu potrwa kilka lat.<\/p>\n<p style=\"text-align: justify;\">Niekompletne t\u0142umaczenie tekstu Da\u015babhumika-vibhasa na&nbsp;j\u0119zyk polski bez&nbsp;poprawek znajduje si\u0119 na&nbsp;stronie <a href=\"http:\/\/mahajana.net\/teksty\/nagarjuna_10st.html\" target=\"_blank\">mahajana.net<\/a>, chi\u0144ski klasyczny orygina\u0142 pod&nbsp;<a href=\"http:\/\/www.cbeta.org\/result\/T26\/T26n1521.htm\" target=\"_blank\">adresem<\/a>.<br \/>\nCa\u0142y komentarz Arya Nagard\u017cuny oparty jest na&nbsp;s\u0142ynnej Sutrze Da\u015babhumika Sutra. Tekst Sutry w&nbsp;oryginale chi\u0144skim mo\u017cna znale\u017a\u0107 <a href=\"http:\/\/cyberec.freethemes.com\/SUTRA\/DCX\/EHuaYan\/T10N0284.htm\" target=\"_blank\">tutaj<\/a>.<\/p>\n","protected":false},"excerpt":{"rendered":"<p>KR\u00d3TKIE WYJA\u015aNIENIE NAZWY \u015aWI\u0104TYNI \u015awi\u0105tynia znajduje si\u0119 w&nbsp;Polsce w&nbsp;mie\u015bcie Szczecinie i&nbsp;nale\u017cy do&nbsp;tradycji japo\u0144skiej szko\u0142y buddyjskiej<a class=\"post_read_more\" href=\"https:\/\/sanboin.mahajana.pl\/?page_id=7\">Czytaj dalej<\/a><\/p>\n","protected":false},"author":1,"featured_media":279,"parent":0,"menu_order":2,"comment_status":"closed","ping_status":"closed","template":"","meta":[],"_links":{"self":[{"href":"https:\/\/sanboin.mahajana.pl\/index.php?rest_route=\/wp\/v2\/pages\/7"}],"collection":[{"href":"https:\/\/sanboin.mahajana.pl\/index.php?rest_route=\/wp\/v2\/pages"}],"about":[{"href":"https:\/\/sanboin.mahajana.pl\/index.php?rest_route=\/wp\/v2\/types\/page"}],"author":[{"embeddable":true,"href":"https:\/\/sanboin.mahajana.pl\/index.php?rest_route=\/wp\/v2\/users\/1"}],"replies":[{"embeddable":true,"href":"https:\/\/sanboin.mahajana.pl\/index.php?rest_route=%2Fwp%2Fv2%2Fcomments&post=7"}],"version-history":[{"count":9,"href":"https:\/\/sanboin.mahajana.pl\/index.php?rest_route=\/wp\/v2\/pages\/7\/revisions"}],"predecessor-version":[{"id":328,"href":"https:\/\/sanboin.mahajana.pl\/index.php?rest_route=\/wp\/v2\/pages\/7\/revisions\/328"}],"wp:featuredmedia":[{"embeddable":true,"href":"https:\/\/sanboin.mahajana.pl\/index.php?rest_route=\/wp\/v2\/media\/279"}],"wp:attachment":[{"href":"https:\/\/sanboin.mahajana.pl\/index.php?rest_route=%2Fwp%2Fv2%2Fmedia&parent=7"}],"curies":[{"name":"wp","href":"https:\/\/api.w.org\/{rel}","templated":true}]}}