{"id":73,"date":"2013-12-24T13:43:42","date_gmt":"2013-12-24T12:43:42","guid":{"rendered":"http:\/\/sanboin.mahajana.net\/?page_id=73"},"modified":"2013-12-26T11:03:05","modified_gmt":"2013-12-26T10:03:05","slug":"noclegi-w-szczecinie","status":"publish","type":"page","link":"https:\/\/sanboin.mahajana.pl\/?page_id=73","title":{"rendered":"Noclegi w&nbsp;Szczecinie"},"content":{"rendered":"<p>Szanowni Pa\u0144stwo,<br \/>\nJe\u015bli planujecie wizyt\u0119 w&nbsp;\u015bwi\u0105tyni Sanboin, a&nbsp;nie&nbsp;jeste\u015bcie mieszka\u0144cami Szczecina lub najbli\u017cszych okolic, by\u0107 mo\u017ce b\u0119dziecie potrzebowali miejsca noclegowego w&nbsp;Szczecinie. Nasza \u015bwi\u0105tynia niestety nie&nbsp;mo\u017ce zapewni\u0107 noclegu, pokoje go\u015bcinne s\u0105 g\u0142\u00f3wnie przeznaczone dla mnich\u00f3w i&nbsp;specjalnych go\u015bci, jak nauczyciele itp.<\/p>\n<p>Poni\u017cej zebrali\u015bmy informacje, kt\u00f3re mog\u0105 by\u0107 Pa\u0144stwu przydatne.<\/p>\n<p><strong>Noclegi najbli\u017cej Sanboin<\/strong><\/p>\n<p>Szkolne Schronisko M\u0142odzie\u017cowe CUMA (700 m od&nbsp;Sanboin)<br \/>\nCeny: od&nbsp;20 z\u0142 do&nbsp;46 z\u0142 \/ za&nbsp;dob\u0119<br \/>\nul. Monte Cassino 19a, 70-467 SZCZECIN<br \/>\nRezerwacja: 091\/422-47-61<\/p>\n<p>DOM NAUCZYCIELA (200 m od&nbsp;Sanboin)<br \/>\nKuratorium O\u015bwiaty w&nbsp;Szczecinie<br \/>\nCeny: od&nbsp;35 z\u0142 do&nbsp;70 z\u0142 \/ za&nbsp;dob\u0119 \u2013 OFERTA PEDAGOGICZNA<br \/>\nul. \u015al\u0105ska 4, 70-431 Szczecin<br \/>\nRezerwacja: 091\/433-04-81<\/p>\n<p>Hotel Gryf (200 m od&nbsp;Sanboin)<br \/>\nCeny: od&nbsp;50 z\u0142 (pok\u00f3j 1-osobowy bez&nbsp;\u0142azienki) do&nbsp;58 z\u0142 (miejsce w&nbsp;pokoju 3 osobowym z&nbsp;\u0142azienk\u0105) \/ za&nbsp;dob\u0119<br \/>\nul. Wojska Polskiego 49, Szczecin<br \/>\nRezerwacja: 91\/480-84-00<br \/>\nlokalizacja w&nbsp;centrum Szczecina<br \/>\nhotel nie&nbsp;ma parkingu<br \/>\nw hotelu nie&nbsp;ma restauracji<\/p>\n<p>Wojskowy Hotel Garnizonowy (15-20 minut spacerem od&nbsp;Sanboin)<br \/>\nCeny: od&nbsp;67,5 z\u0142 do&nbsp;130 z\u0142 \/ za&nbsp;dob\u0119<br \/>\nul. Narutowicza 17B, Szczecin<br \/>\nRezerwacja: 91\/445-24-13<\/p>\n<p>PORTA-HOTELE (15-20 minut pieszo od&nbsp;Sanboin)<br \/>\nBlisko Zamku Ksi\u0105\u017c\u0105t Pomorskich i&nbsp;Wa\u0142\u00f3w Chrobrego, dobre miejsce do&nbsp;spacer\u00f3w w&nbsp;okolicznych parkach i&nbsp;nad&nbsp;Odr\u0105.<br \/>\nul. T.Starzy\u0144skiego 3-4<br \/>\nCeny: od&nbsp;25 z\u0142 do&nbsp;75 z\u0142 \/ za&nbsp;dob\u0119<br \/>\nRezerwacja: 091\/434-57-96, 812-80-45, 812-80-46<\/p>\n<p><strong>Noclegi oddalone od&nbsp;Sanboin<\/strong><\/p>\n<p>HOTEL JANTAR<br \/>\nCeny: od&nbsp;33 z\u0142 do&nbsp;45 z\u0142 \/ za&nbsp;dob\u0119<br \/>\nul. Romera 10, 71-246 SZCZECIN<br \/>\nRezerwacja: 91\/439-42-31, 439-46-42<br \/>\nOferta, przede wszystkim, dla os\u00f3b korzystaj\u0105cych z&nbsp;w\u0142asnego transportu<\/p>\n<p>HOTELIK ARBET<br \/>\nCeny: od&nbsp;30 z\u0142 do&nbsp;75 z\u0142 \/ za&nbsp;dob\u0119<br \/>\nul. Piesza 11, Szczecin<br \/>\nRezerwacja: 091\/462-31-37<br \/>\nHOTEL MIGRAND<br \/>\nBy\u0142y hotel pracowniczy Stoczni GRYFIA<br \/>\nCeny: od&nbsp;25 z\u0142 do&nbsp;132 z\u0142 \/ za&nbsp;dob\u0119<br \/>\nul. Robotnicza 28\/29, 71-712 Szczecin<br \/>\nRezerwacja: 091\/442-09-60<\/p>\n","protected":false},"excerpt":{"rendered":"<p>Szanowni Pa\u0144stwo, Je\u015bli planujecie wizyt\u0119 w&nbsp;\u015bwi\u0105tyni Sanboin, a&nbsp;nie&nbsp;jeste\u015bcie mieszka\u0144cami Szczecina lub najbli\u017cszych okolic, by\u0107 mo\u017ce<a class=\"post_read_more\" href=\"https:\/\/sanboin.mahajana.pl\/?page_id=73\">Czytaj dalej<\/a><\/p>\n","protected":false},"author":1,"featured_media":179,"parent":7,"menu_order":0,"comment_status":"closed","ping_status":"closed","template":"","meta":[],"_links":{"self":[{"href":"https:\/\/sanboin.mahajana.pl\/index.php?rest_route=\/wp\/v2\/pages\/73"}],"collection":[{"href":"https:\/\/sanboin.mahajana.pl\/index.php?rest_route=\/wp\/v2\/pages"}],"about":[{"href":"https:\/\/sanboin.mahajana.pl\/index.php?rest_route=\/wp\/v2\/types\/page"}],"author":[{"embeddable":true,"href":"https:\/\/sanboin.mahajana.pl\/index.php?rest_route=\/wp\/v2\/users\/1"}],"replies":[{"embeddable":true,"href":"https:\/\/sanboin.mahajana.pl\/index.php?rest_route=%2Fwp%2Fv2%2Fcomments&post=73"}],"version-history":[{"count":10,"href":"https:\/\/sanboin.mahajana.pl\/index.php?rest_route=\/wp\/v2\/pages\/73\/revisions"}],"predecessor-version":[{"id":306,"href":"https:\/\/sanboin.mahajana.pl\/index.php?rest_route=\/wp\/v2\/pages\/73\/revisions\/306"}],"up":[{"embeddable":true,"href":"https:\/\/sanboin.mahajana.pl\/index.php?rest_route=\/wp\/v2\/pages\/7"}],"wp:featuredmedia":[{"embeddable":true,"href":"https:\/\/sanboin.mahajana.pl\/index.php?rest_route=\/wp\/v2\/media\/179"}],"wp:attachment":[{"href":"https:\/\/sanboin.mahajana.pl\/index.php?rest_route=%2Fwp%2Fv2%2Fmedia&parent=73"}],"curies":[{"name":"wp","href":"https:\/\/api.w.org\/{rel}","templated":true}]}}