{"id":83,"date":"2013-12-24T13:48:22","date_gmt":"2013-12-24T12:48:22","guid":{"rendered":"http:\/\/sanboin.mahajana.net\/?page_id=83"},"modified":"2013-12-26T22:16:13","modified_gmt":"2013-12-26T21:16:13","slug":"historia-soto-zen-chiny","status":"publish","type":"page","link":"https:\/\/sanboin.mahajana.pl\/?page_id=83","title":{"rendered":"Historia zen soto &#8211; Chiny"},"content":{"rendered":"<p>Chiny \u2014&nbsp;Okres od&nbsp;VI do&nbsp;XIII wieku ery zachodniej<\/p>\n<p>Pi\u0119\u0107 pierwszych pokole\u0144 mistrz\u00f3w zen<\/p>\n<p>Pierwszy Patriarcha \u2014&nbsp;Bodhidharma. Histori\u0119 Soto Zen i&nbsp;wszystkich innych linii zen w&nbsp;Chinach otwiera Dwudziesty \u00d3smy Patriarcha Zen z&nbsp;Indii \u2014&nbsp;Wielki Mistrz Bodhidharma, nazywany po&nbsp;japo\u0144sku Bodaidaruma Daishi lub w&nbsp;skr\u00f3cie Daruma Daishi. Nazywa si\u0119 go r\u00f3wnie\u017c Pierwszym Patriarch\u0105 Chin.<br \/>\nDaruma Daishi przyby\u0142 najpierw do&nbsp;po\u0142udniowych Chin drog\u0105 morsk\u0105. Jego mistrz Arya Prajniatara powiedzia\u0142 mu, by&nbsp;sze\u015b\u0107dziesi\u0105t lat po&nbsp;\u015bmierci Arya Prajniatary uda\u0142 si\u0119 do&nbsp;Chin i&nbsp;przeni\u00f3s\u0142 tam prawdziw\u0105 Dharm\u0119. Nale\u017cy zauwa\u017cy\u0107, i\u017c w&nbsp;Indiach nie&nbsp;u\u017cywano nazwy zen \u2014&nbsp;dhyana, w&nbsp;stosunku do&nbsp;linii przekazu Dharmy, jako odr\u0119bnej szko\u0142y, a&nbsp;u\u017cywano jedynie nazwy Prawdziwa Dharma.<br \/>\nZgodnie z&nbsp;wol\u0105 swojego mistrza Bodhidharma uda\u0142 si\u0119 w&nbsp;d\u0142ug\u0105 podr\u00f3\u017c do&nbsp;Chin w&nbsp;bardzo zaawansowanym wieku. Po&nbsp;spotkaniu cesarza Butei z&nbsp;dynastii Ro, uda\u0142 si\u0119 dalej na&nbsp;p\u00f3\u0142noc i&nbsp;osiad\u0142 w&nbsp;pobli\u017cu klasztoru Shaolin \u2014&nbsp;jap. Shorinji, gdzie medytowa\u0142 w&nbsp;ma\u0142ej jaskini przez&nbsp;dziewi\u0119\u0107 lat. Zachowa\u0142o si\u0119 fotograficzne odbicie medytuj\u0105cego Bodhidharmy na&nbsp;\u015bcianie tej&nbsp;jaskini i&nbsp;jest ono wyra\u017ane nawet dzisiaj. Bodhidharma mia\u0142 czterech uczni\u00f3w, kt\u00f3rym&nbsp;da\u0142 przekaz Dharmy.<br \/>\nBodhidharma udziela\u0142 licznych nauk i&nbsp;do&nbsp;dzisiaj znane s\u0105 nast\u0119puj\u0105ce teksty:<br \/>\nWgl\u0105d w&nbsp;cztery praktyki wej\u015bcia na&nbsp;\u015bcie\u017ck\u0119 Mahajany<br \/>\nTraktat o&nbsp;Linii Krwi<br \/>\nTraktat o&nbsp;zrozumieniu Natury (lub: Traktat o&nbsp;o\u015bwieceniu Prawdziwej Natury)<br \/>\nTraktat o&nbsp;prze\u0142amaniu (lub: Traktat o&nbsp;przebudzeniu si\u0119)<br \/>\nDrugi Patriarcha. W\u015br\u00f3d nast\u0119pc\u00f3w Wielkiego Mistrza Bodhidharmy by\u0142a jedna mniszka, ale&nbsp;g\u0142\u00f3wnym uczniem by\u0142 Taiso Eka Daishi, kt\u00f3rego&nbsp;uwa\u017ca si\u0119 za&nbsp;Drugiego Patriarch\u0119 w&nbsp;Chinach. Nast\u0119pc\u0105 Taiso Eka Daishi by\u0142 Kanchi Sosan Zenji nast\u0119pc\u0105 Kanchi Sosan Zenji by\u0142 Daii Doshin Zenji, nast\u0119pc\u0105 Daii Doshin Zenji by\u0142 Daiman Konin Zenji. Te pierwsze cztery pokolenia patriarch\u00f3w da\u0142y dopiero fundament do&nbsp;dalszego rozwoju zen w&nbsp;Chinach.<br \/>\nNauki Drugiego Patriarchy zachowa\u0142y si\u0119 w&nbsp;r\u00f3\u017cnych 15 najstarszych kolekcjach zapisk\u00f3w nauk zen.<br \/>\nTrzeci Patriarcha Kanchi Sosan Zenji (?\u2014606) mia\u0142 tylko&nbsp;jednego nast\u0119pc\u0119, cho\u0107 teksty z&nbsp;tamtego okresu wymieniaj\u0105 te\u017c innych uczni\u00f3w.<br \/>\nTrzeci Patriarcha by\u0142 autorem s\u0142ynnego tekstu Shinjinmei \u2014&nbsp;Strofy Wiary w&nbsp;Umys\u0142.<br \/>\nCzwarty Patriarcha Daii Doshin (580\u2014651) za\u0142o\u017cy\u0142 pierwszy klasztor zen na&nbsp;g\u00f3rze Obaizan i&nbsp;mia\u0142 oko\u0142o 500 uczni\u00f3w. Ze&nbsp;znanych nast\u0119pc\u00f3w Doshin Zenji opr\u00f3cz Pi\u0105tego Patriarchy Daiman Konin Zenji, nale\u017cy wymieni\u0107 Gozu Hoyu Zenji (594\u2014657), kt\u00f3ry&nbsp;by\u0142 za\u0142o\u017cycielem szko\u0142y Gozu Zen. Ta szko\u0142a przetrwa\u0142a do&nbsp;oko\u0142o IX wieku ery zachodniej i&nbsp;by\u0142a jedn\u0105 z&nbsp;wczesnych szk\u00f3\u0142 zen, zanim pojawi\u0142o si\u0119 pi\u0119\u0107 p\u00f3\u017aniejszych linii. Z&nbsp;pewno\u015bci\u0105 mia\u0142a du\u017cy wp\u0142yw na&nbsp;rozw\u00f3j zen w&nbsp;Chinach w&nbsp;pocz\u0105tkowym okresie i&nbsp;pojawi\u0142o si\u0119 w&nbsp;niej wielu nauczycieli, kt\u00f3rzy&nbsp;napisali r\u00f3\u017cne teksty nauk Dharmy i&nbsp;komentarze.<br \/>\nNauki Czwartego Patriarchy przetrwa\u0142y w&nbsp;licznych zbiorach o&nbsp;wczesnych mistrzach zen. Nast\u0119puj\u0105ce teksty zawieraj\u0105 wy\u0142\u0105cznie nauki Patriarchy:<br \/>\nRegu\u0142y przekazu Wskaza\u0144 Bodhisattwy<br \/>\nSekret Upaya \u2014&nbsp;sposob\u00f3w, Bramy Dharmy wej\u015bcia na&nbsp;\u015bcie\u017ck\u0119 spokoju Umys\u0142u<br \/>\nTen ostatni tekst wymienia min. pi\u0119\u0107 sekret\u00f3w postrzegania umys\u0142u w&nbsp;zen.<br \/>\nPi\u0105ty Patriarcha Daiman Konin (601\u2014674) mia\u0142 oko\u0142o siedmiuset uczni\u00f3w i&nbsp;co najmniej dziesi\u0119ciu nast\u0119pc\u00f3w Dharmy, ale&nbsp;za&nbsp;g\u0142\u00f3wnego ucznia uwa\u017camy dzisiaj Daikan Eno Zenji.<br \/>\nNauki Daiman Konin Zenji znale\u017a\u0107 mo\u017cna w&nbsp;licznych klasycznych anna\u0142ach o&nbsp;wczesnych mistrzach. Jego autorstwa jest tekst, kt\u00f3ry&nbsp;w&nbsp;oryginale ma d\u0142ugi tytu\u0142, kt\u00f3ry&nbsp;tu podajemy w&nbsp;skr\u00f3cie:<br \/>\nTraktat o&nbsp;sekretach o\u015bwiecenia i&nbsp;wyzwolenia, i&nbsp;esencji praktyki umys\u0142u.<br \/>\nSz\u00f3sty Patriarcha \u2014&nbsp;Daikan Eno Zenji<\/p>\n<p>Sz\u00f3stym Patriarch\u0105 by\u0142 ucze\u0144 Daiman Konin Zenji \u2014&nbsp;Daikan Eno Zenji, kt\u00f3ry&nbsp;sam mia\u0142 ponad czterdziestu nast\u0119pc\u00f3w Dharmy. Sz\u00f3sty Patriarcha dzisiaj jest najbardziej znan\u0105 postaci\u0105 tamtego okresu.<br \/>\nDo najs\u0142ynniejszych nauk nale\u017cy tak&nbsp;zwana Sutra Podwy\u017cszenia, lub Sutra Sz\u00f3stego Patriarchy. Ten tekst doczeka\u0142 si\u0119 licznych wyda\u0144 w&nbsp;j\u0119zyku angielskim i&nbsp;co najmniej dw\u00f3ch polskich wyda\u0144.<br \/>\nWyodr\u0119bnienie si\u0119 linii Soto Zen w&nbsp;Chinach<\/p>\n<p>Po&nbsp;Sz\u00f3stym Patriarsze linia przekazu patriarch\u00f3w zen rozdziela si\u0119 na&nbsp;dwa wielkie nurty, kt\u00f3re da\u0142y pocz\u0105tek wszystkim pi\u0119ciu szko\u0142om zen. Spo\u015br\u00f3d nast\u0119pc\u00f3w Daikan Eno Zenji najwi\u0119kszy wp\u0142yw wywar\u0142o dw\u00f3ch mnich\u00f3w. Nangaku Ejo Zenji sta\u0142 si\u0119 mistrzem, od&nbsp;kt\u00f3rego&nbsp;swoje pochodzenie bior\u0105 szko\u0142y Rinzai i&nbsp;Igyo oraz&nbsp;Seigen Gyoshi Zenji, od&nbsp;kt\u00f3rego&nbsp;wywodz\u0105 si\u0119 szko\u0142y Soto, Unmon i&nbsp;Hogen. Do&nbsp;dzisiaj przetrwa\u0142y tylko&nbsp;dwie z&nbsp;wymienionych szk\u00f3\u0142, tj.&nbsp;Rinzai i&nbsp;Soto.<br \/>\nNast\u0119pc\u0105 Seigen Gyoshi Zenji by\u0142 Sekito Kisen Zenji. Nast\u0119pnym w&nbsp;linii przekazu jest Yakusan Igen Zenji a&nbsp;po&nbsp;nim Ungan Donjo Zenji. W&nbsp;pi\u0105tym pokoleniu po&nbsp;Sz\u00f3stym Patriarsze w&nbsp;linii Seigen Gyoshi Zenji pojawi\u0142 si\u0119 wielki mistrz zen \u2014&nbsp;Tozan Ryokai Zenji. Ten mistrz uwa\u017cany jest za&nbsp;ojca ca\u0142ej linii Soto Zen. Nazwa Soto pochodzi Od&nbsp;pierwszego znaku TO&nbsp;z&nbsp;imienia Tozan. SO jest wzi\u0119te z&nbsp;nazwy miejsca SOKEI, gdzie naucza\u0142 Sz\u00f3sty Patriarcha.<br \/>\nTak wi\u0119c&nbsp;od&nbsp;Tozana Zenji liczy si\u0119 moment powstania szko\u0142y Soto.<br \/>\nOkres od&nbsp;IX do&nbsp;XII wieku<\/p>\n<p>Przez&nbsp;nast\u0119pnych czterysta lat linia przekazu Soto rozwin\u0119\u0142a si\u0119 w&nbsp;ca\u0142ych Chinach kszta\u0142c\u0105 wielu wybitnych nauczycieli. Niekt\u00f3rzy osi\u0105gn\u0119li wielki wp\u0142yw na&nbsp;rozw\u00f3j buddyzmu w&nbsp;Chinach. Ich nauki zosta\u0142y dok\u0142adnie spisane przez&nbsp;uczni\u00f3w i&nbsp;przetrwa\u0142y do&nbsp;dzisiaj w&nbsp;postaci zbior\u00f3w powiedze\u0144, nauk, wyja\u015bnie\u0144 i&nbsp;instrukcji. W&nbsp;wieku XII pojawi\u0142 si\u0119 nowy gatunek literatury zen, nauki spisywane przez&nbsp;samych mistrz\u00f3w nie&nbsp;przez&nbsp;ich uczni\u00f3w. By\u0142y to&nbsp;zbiory koan\u00f3w. W&nbsp;tradycji Soto najs\u0142ynniejszym zbiorem powsta\u0142ym w&nbsp;tym okresie jest Shoyoroku, na&nbsp;kt\u00f3re sk\u0142ada si\u0119 100 koan\u00f3w. Zosta\u0142y one zebrane przez&nbsp;wielkiego nauczyciela Wanshi Shogaku Zenji (1091\u20141153) i&nbsp;opatrzone komentarzem przez&nbsp;Bansho Gyoshu Zenji (1166\u20141246). Ka\u017cdy koan zaczyna si\u0119 1) wst\u0119pem Gyoshu Zenji. Nast\u0119pnie jest 2) koan \u2014&nbsp;przypadek, wzi\u0119ty z&nbsp;r\u00f3\u017cnych starych zapisk\u00f3w zen, a&nbsp;umieszczony w&nbsp;zbiorze Wanshi Shogaku Zenji, kt\u00f3rego&nbsp;bohaterem jest historyczny, o\u015bwiecony mistrz zen. 3) Komentarz do&nbsp;ka\u017cdego przypadku jest autorstwa Gyoshu Zenji. Kolejny jest 4) wiersz napisany przez&nbsp;Wanshi Shogaku Zenji i&nbsp;5) komentarz do&nbsp;wiersza napisany przez&nbsp;Gyoshu. 6) Dodatkowe komentarze do&nbsp;koanu i&nbsp;7) dodatkowe komentarze do&nbsp;wiersza w&nbsp;postaci kr\u00f3tkich zda\u0144 s\u0105 autorstwa Gyoshu Zenji. Tak&nbsp;wi\u0119c&nbsp;same koany zebra\u0142 Wanshi Zenji i&nbsp;napisa\u0142 do&nbsp;nich wiersze, a&nbsp;Gyoshu Zenji opatrzy\u0142 wszystko komentarzami.<br \/>\nShoyoroku jest dzisiaj szeroko studiowane we&nbsp;wszystkich Sodo \u2014&nbsp;klasztorach Soto Zen w&nbsp;Japonii. Mnisi odbywaj\u0105cy kilkuletni\u0105 praktyk\u0119 w&nbsp;klasztorze otrzymuj\u0105 nauki do&nbsp;Shoyoroku przez&nbsp;okres oko\u0142o dw\u00f3ch lat.<br \/>\nW okresie, poprzedzaj\u0105cym Bansho Gyoshu Zenji w&nbsp;Chinach naucza\u0142 r\u00f3wnie\u017c Tendo Nyojo Zenji. Dla japo\u0144skiej linii Soto Zen, jest to&nbsp;ostatni chi\u0144ski mistrz zen. To&nbsp;w\u0142a\u015bnie od&nbsp;tego nauczyciela Dharm\u0119 otrzyma\u0142 wielki patriarcha Soto Zen w&nbsp;Japonii \u2014&nbsp;Dogen Kigen Zenji, nazywany r\u00f3wnie\u017c Eihei Dogen Zenji.<br \/>\nW okresie p\u00f3\u017aniejszym linia Soto by\u0142a kontynuowana w&nbsp;Chinach i&nbsp;jest obecna do&nbsp;dzi\u015b. Co ciekawe zachowa\u0142a si\u0119 r\u00f3wnie\u017c linia wielkiego Wanshi Shogaku Zenji. Jednak\u017ce odwrotnie ni\u017c ma to&nbsp;miejsce w&nbsp;Japonii linia Soto jest zdecydowanie liczebnie mniejsza w&nbsp;Chinach w&nbsp;por\u00f3wnaniu z&nbsp;lini\u0105 Rinzai, kt\u00f3ra&nbsp;jest najbardziej popularna. W&nbsp;wieku XVII i&nbsp;XVII ery zachodniej pojawi\u0142o si\u0119 jeszcze kilku wybitnych nauczycieli Soto w&nbsp;Chinach.<br \/>\nZgodnie z&nbsp;o\u015bwiadczeniem jednego z&nbsp;mnich\u00f3w chi\u0144skich, kt\u00f3ry&nbsp;otrzyma\u0142 przekaz Dharmy w&nbsp;latach 90-tych XX wieku w&nbsp;klasztorze Tendozan, dzisiaj praktyka medytacji w&nbsp;chi\u0144skiej tradycji Soto Zen jest nastawiona g\u0142\u00f3wnie na&nbsp;w\u0142a\u015bciwe zrozumienie koan\u00f3w. Tym samym Soto Zen w&nbsp;Japonii odr\u00f3\u017cnia si\u0119 sowim naciskiem na&nbsp;praktyk\u0119 shikan taza, kt\u00f3ra&nbsp;zanik\u0142a w&nbsp;Chinach. Poza tym mnisi maj\u0105 wiele innych praktyk zwi\u0105zanych z&nbsp;tradycj\u0105 klasztorn\u0105, ale&nbsp;te wydaj\u0105 si\u0119 by\u0107 takie same we&nbsp;wszystkich liniach nauczania.<br \/>\nWydaje si\u0119, i\u017c Tendozan ma g\u0142\u0119boki zwi\u0105zek z&nbsp;Soto. Zar\u00f3wno Wanshi Shogaku Zenji jak i&nbsp;Tendo Nyojo Zenji oraz&nbsp;Dogen Zenji wszyscy byli w&nbsp;Tendozan, nawet nasz informator, kt\u00f3ry&nbsp;jest r\u00f3wnie\u017c spadkobierc\u0105 linii Soto praktykowa\u0142 w&nbsp;tym klasztorze. Ale&nbsp;zgodnie z&nbsp;jego o\u015bwiadczeniem jak i&nbsp;stwierdzeniem innych chi\u0144skich mnich\u00f3w, w&nbsp;Chinach klasztory nigdy nie&nbsp;by\u0142y podzielone na&nbsp;poszczeg\u00f3lne linie w&nbsp;obr\u0119bie szko\u0142y zen. Dlatego dzisiaj w&nbsp;Tendozan s\u0105 zar\u00f3wno nauczyciele linii Soto jak i&nbsp;Rinzai. Dotyczy to&nbsp;r\u00f3wnie\u017c pozosta\u0142ych klasztor\u00f3w zen w&nbsp;Chinach.<\/p>\n","protected":false},"excerpt":{"rendered":"<p>Chiny \u2014&nbsp;Okres od&nbsp;VI do&nbsp;XIII wieku ery zachodniej Pi\u0119\u0107 pierwszych pokole\u0144 mistrz\u00f3w zen Pierwszy Patriarcha \u2014&nbsp;Bodhidharma.<a class=\"post_read_more\" href=\"https:\/\/sanboin.mahajana.pl\/?page_id=83\">Czytaj dalej<\/a><\/p>\n","protected":false},"author":1,"featured_media":292,"parent":9,"menu_order":0,"comment_status":"closed","ping_status":"closed","template":"","meta":[],"_links":{"self":[{"href":"https:\/\/sanboin.mahajana.pl\/index.php?rest_route=\/wp\/v2\/pages\/83"}],"collection":[{"href":"https:\/\/sanboin.mahajana.pl\/index.php?rest_route=\/wp\/v2\/pages"}],"about":[{"href":"https:\/\/sanboin.mahajana.pl\/index.php?rest_route=\/wp\/v2\/types\/page"}],"author":[{"embeddable":true,"href":"https:\/\/sanboin.mahajana.pl\/index.php?rest_route=\/wp\/v2\/users\/1"}],"replies":[{"embeddable":true,"href":"https:\/\/sanboin.mahajana.pl\/index.php?rest_route=%2Fwp%2Fv2%2Fcomments&post=83"}],"version-history":[{"count":4,"href":"https:\/\/sanboin.mahajana.pl\/index.php?rest_route=\/wp\/v2\/pages\/83\/revisions"}],"predecessor-version":[{"id":329,"href":"https:\/\/sanboin.mahajana.pl\/index.php?rest_route=\/wp\/v2\/pages\/83\/revisions\/329"}],"up":[{"embeddable":true,"href":"https:\/\/sanboin.mahajana.pl\/index.php?rest_route=\/wp\/v2\/pages\/9"}],"wp:featuredmedia":[{"embeddable":true,"href":"https:\/\/sanboin.mahajana.pl\/index.php?rest_route=\/wp\/v2\/media\/292"}],"wp:attachment":[{"href":"https:\/\/sanboin.mahajana.pl\/index.php?rest_route=%2Fwp%2Fv2%2Fmedia&parent=83"}],"curies":[{"name":"wp","href":"https:\/\/api.w.org\/{rel}","templated":true}]}}