{"id":9,"date":"2013-12-21T18:15:23","date_gmt":"2013-12-21T17:15:23","guid":{"rendered":"http:\/\/sanboin.mahajana.net\/?page_id=9"},"modified":"2013-12-26T22:16:33","modified_gmt":"2013-12-26T21:16:33","slug":"historia-soto","status":"publish","type":"page","link":"https:\/\/sanboin.mahajana.pl\/?page_id=9","title":{"rendered":"Historia soto"},"content":{"rendered":"<h2 style=\"text-align: center;\">Og\u00f3lny wst\u0119p<\/h2>\n<p style=\"text-align: justify;\">Historia Soto Zen si\u0119ga czas\u00f3w samego Siakiamuniego Buddhy, kt\u00f3rego&nbsp;uwa\u017camy za&nbsp;rdzennego i&nbsp;pierwotnego Mistrza tej&nbsp;tradycji. Jego bezpo\u015brednim nast\u0119pc\u0105 by\u0142 Arya Mahakasiapa, a&nbsp;po&nbsp;nim najbli\u017cszy ucze\u0144 Siakiamuniego Buddhy \u2013 Arya Ananda. W&nbsp;tradycji Soto Zen w&nbsp;Japonii ka\u017cdy z&nbsp;patriarch\u00f3w nosi po&nbsp;imieniu tytu\u0142 DAIOSHO co oznacza w&nbsp;sanskrycie MAHAUPADHAYA, czyli Wielki Opat. W&nbsp;ten spos\u00f3b recytowana jest Linia Patriarch\u00f3w Przekazu Dharmy.<\/p>\n<p style=\"text-align: justify;\">W&nbsp;Indiach od&nbsp;czas\u00f3w Buddhy, a\u017c do&nbsp;VI\u00a0wieku\u00a0n.e., by\u0142o 28\u00a0Patriarch\u00f3w Zen, ostatnim znanym historycznym patriarch\u0105 by\u0142 Arya Bodhidharma, kt\u00f3ry&nbsp;mia\u0142 r\u00f3wnie\u017c swoich indyjskich nast\u0119pc\u00f3w, ale&nbsp;informacje o&nbsp;nich i&nbsp;o&nbsp;dalszej linii w&nbsp;Indiach nie&nbsp;zachowa\u0142y si\u0119.<\/p>\n<p style=\"text-align: justify;\">Arya Bodhidharma by\u0142 Pierwszym Patriarch\u0105 w&nbsp;Chinach. W&nbsp;Japonii jest te\u017c nazywany Bodaidaruma Daishi, co znaczy Wielki Mistrz Bodhidharma. Pi\u0119\u0107 pokole\u0144 po&nbsp;Arya Bodhidharmie, pojawi\u0142 si\u0119 Sz\u00f3sty Patriarcha Daikan Eno Daiosho, kt\u00f3ry&nbsp;sta\u0142 si\u0119 najwi\u0119kszym \u017ar\u00f3d\u0142em rozkwitu Zen w&nbsp;Chinach i&nbsp;by\u0142 ostatnim wsp\u00f3lnym patriarch\u0105 dla wszystkich pi\u0119ciu wielkich szk\u00f3\u0142, kt\u00f3re wykszta\u0142ci\u0142y si\u0119 mi\u0119dzy VIII\u00a0i\u00a0X\u00a0wiekiem.<\/p>\n<p style=\"text-align: justify;\">Nazwy tych szk\u00f3\u0142 po&nbsp;japo\u0144sku to&nbsp;Soto, Rinzai, Igyo, Hogen i&nbsp;Unmon. Ka\u017cda z&nbsp;nich mia\u0142a swoj\u0105 szczeg\u00f3ln\u0105 charakterystyk\u0119.<\/p>\n<p style=\"text-align: justify;\">Szko\u0142a Soto pochodzi w&nbsp;prostej linii od&nbsp;Daikan Eno Daiosho i&nbsp;jego ucznia Seigen Gyoshi Daiosho. Dlatego nazywano j\u0105 te\u017c lini\u0105 Seigen Gyoshi. W&nbsp;trzecim pokoleniu po&nbsp;Seigen Gyoshi pojawi\u0142 si\u0119 wielki mistrz, maj\u0105cy olbrzymi wp\u0142yw na&nbsp;chi\u0144ski Zen \u2013 Tozan Ryokai Daiosho. Ten mistrz uwa\u017cany jest za&nbsp;w\u0142a\u015bciwego za\u0142o\u017cyciela szko\u0142y Soto Zen.<\/p>\n<p style=\"text-align: justify;\">W&nbsp;XIII\u00a0wieku w&nbsp;klasztorze Tendozan przebywa\u0142 i&nbsp;naucza\u0142 opat o&nbsp;imieniu Tendo Nyojo Daiosho, i&nbsp;jego uczniem by\u0142 japo\u0144ski mnich o&nbsp;imieniu Dogen Kigen. Dogen Kigen osi\u0105gn\u0105\u0142 wielkie przebudzenie pod&nbsp;kierunkiem Mistrza Nyojo i&nbsp;powr\u00f3ci\u0142 do&nbsp;Japonii w\u00a01227 roku ery zachodniej.<\/p>\n<p style=\"text-align: justify;\">Obecnie w&nbsp;linii przekazu Dogen nazywany jest Eihei Dogen Daiosho. Imi\u0119 Eihei powsta\u0142o od&nbsp;nazwy klasztoru, kt\u00f3ry&nbsp;za\u0142o\u017cy\u0142 w&nbsp;g\u00f3rach prowincji Echizen, obecnie zwanej Prefektur\u0105 Fukui. Klasztor Eiheiji sta\u0142 si\u0119 g\u0142\u00f3wnym o\u015brodkiem praktyki i&nbsp;studi\u00f3w Soto Zen w&nbsp;Japonii i&nbsp;dzisiaj s\u0142u\u017cy jako g\u0142\u00f3wny klasztor tej&nbsp;tradycji razem z&nbsp;p\u00f3\u017aniej za\u0142o\u017conym klasztorem Sojiji na&nbsp;p\u00f3\u0142wyspie Noto.<\/p>\n<p style=\"text-align: justify;\">Czwartym Patriarch\u0105 w&nbsp;Japonii by\u0142 niejaki Keizan Jokin Daiosho i&nbsp;nie&nbsp;tylko&nbsp;za\u0142o\u017cy\u0142 wy\u017cej wspomniany klasztor Sojiji, ale&nbsp;te\u017c sta\u0142 si\u0119 przyczyn\u0105 wielkiego rozwoju Soto Zen. Jego dw\u00f3ch g\u0142\u00f3wnych nast\u0119pc\u00f3w, Meiho Sotetsu oraz&nbsp;Gasan Joseki mieli wielk\u0105 liczb\u0119 uczni\u00f3w i&nbsp;ci w&nbsp;dalszym ci\u0105gu przyczynili si\u0119 do&nbsp;rozprzestrzenienia Soto Zen w&nbsp;ca\u0142ej Japonii.<\/p>\n<p style=\"text-align: justify;\">W&nbsp;XVII\u00a0wieku ery zachodniej do&nbsp;Japonii przybyli mnisi zen uciekinierzy z&nbsp;Chin, kt\u00f3rym&nbsp;przewodzi\u0142 Ingen Zenji. W&nbsp;Chinach po&nbsp;XIII\u00a0wieku zen rozwija\u0142 si\u0119 w&nbsp;specyficzny spos\u00f3b i&nbsp;w&nbsp;XVII\u00a0wieku Japo\u0144czycy zobaczyli chi\u0144sk\u0105 form\u0119 zen, kt\u00f3ra&nbsp;by\u0142a nieco r\u00f3\u017cna od&nbsp;tego co zachowano od\u00a0XIII i&nbsp;XVI\u00a0wieku.<\/p>\n<p style=\"text-align: justify;\">Ta nowa chi\u0144ska forma mia\u0142a wp\u0142yw na&nbsp;szko\u0142y zen w&nbsp;Japonii w&nbsp;tym na&nbsp;Soto. Wielu \u00f3wczesnych mnich\u00f3w Soto i&nbsp;Rinzai praktykowa\u0142o z&nbsp;mistrzami chi\u0144skimi i&nbsp;przyczyni\u0142o si\u0119 to&nbsp;do&nbsp;wielkiego o\u017cywienia buddyzmu w&nbsp;Japonii. W&nbsp;Soto zacz\u0119to przejmowa\u0107 nowe formy rytua\u0142\u00f3w oraz&nbsp;zacz\u0119to u\u017cywa\u0107 nowych instrument\u00f3w przywiezionych przez&nbsp;Chi\u0144czyk\u00f3w.<\/p>\n<p style=\"text-align: justify;\">Okres pomi\u0119dzy\u00a0XVII i&nbsp;XIX\u00a0wiekiem by\u0142 czasem pojawienia si\u0119 wielu wspania\u0142ych nauczycieli Soto Zen takich jak Tenkei Denson, Dokuan Genko, Gesshu Soko, Manzan Dohaku, Menzan Zuiho i&nbsp;wielu innych.<\/p>\n<p style=\"text-align: justify;\">W&nbsp;XIX wieku tradycja Soto Zen zacz\u0119\u0142a wyra\u017anie s\u0142abn\u0105\u0107 wraz z&nbsp;przewrotem politycznym w&nbsp;latach 60-tych i&nbsp;70-tych XIX\u00a0wieku oraz&nbsp;z&nbsp;powodu wyst\u0105pie\u0144 anty-buddyjskich sterowanych przez&nbsp;\u00f3wczesny rz\u0105d cesarski. W&nbsp;pierwszej po\u0142owie XX\u00a0wieku pojawi\u0142o si\u0119 jednak dw\u00f3ch wielkich reformator\u00f3w i&nbsp;odnowicieli praktyki zen: Daiun Sogaku Roshi oraz&nbsp;Sawaki Kodo Roshi. Obydwaj wywarli najwi\u0119kszy wp\u0142yw na&nbsp;rozw\u00f3j i&nbsp;nauk\u0119 Soto Zen, aczkolwiek byli te\u017c inni mistrzowie jak Watanabe Genshu Zenji i&nbsp;inni, kt\u00f3rzy&nbsp;s\u0105 dzisiaj stawiani za&nbsp;wz\u00f3r prawdziwych mnich\u00f3w i&nbsp;mistrz\u00f3w zen.<\/p>\n<p style=\"text-align: justify;\">Pod&nbsp;koniec\u00a0XX i&nbsp;na&nbsp;pocz\u0105tku XXI\u00a0wieku Soto Zen w&nbsp;Japonii ma ponad\u00a020 aktywnych klasztor\u00f3w, kt\u00f3re prowadz\u0105 intensywn\u0105 edukacj\u0119 i&nbsp;praktyk\u0119 dla mnich\u00f3w. Do&nbsp;najbardziej znanych nale\u017c\u0105 Eiheiji, Sojiji obecnie w&nbsp;Yokohamie, Saijoji, Shoboji, Hoshhinji, Daijoji, Zuiganji, Shogoji i&nbsp;inne.<\/p>\n<p style=\"text-align: justify;\">Samych \u015bwi\u0105ty\u0144 publicznych Soto Zen w&nbsp;Japonii jest obecnie oko\u0142o 14-15\u00a0tysi\u0119cy powoduj\u0105c tym samym, i\u017c Soto Zen jest najwi\u0119ksz\u0105 pojedyncz\u0105 szko\u0142\u0105 buddyjsk\u0105 w&nbsp;Japonii.<\/p>\n","protected":false},"excerpt":{"rendered":"<p>Og\u00f3lny wst\u0119p Historia Soto Zen si\u0119ga czas\u00f3w samego Siakiamuniego Buddhy, kt\u00f3rego&nbsp;uwa\u017camy za&nbsp;rdzennego i&nbsp;pierwotnego Mistrza tej&nbsp;tradycji.<a class=\"post_read_more\" href=\"https:\/\/sanboin.mahajana.pl\/?page_id=9\">Czytaj dalej<\/a><\/p>\n","protected":false},"author":1,"featured_media":115,"parent":0,"menu_order":3,"comment_status":"closed","ping_status":"closed","template":"","meta":[],"_links":{"self":[{"href":"https:\/\/sanboin.mahajana.pl\/index.php?rest_route=\/wp\/v2\/pages\/9"}],"collection":[{"href":"https:\/\/sanboin.mahajana.pl\/index.php?rest_route=\/wp\/v2\/pages"}],"about":[{"href":"https:\/\/sanboin.mahajana.pl\/index.php?rest_route=\/wp\/v2\/types\/page"}],"author":[{"embeddable":true,"href":"https:\/\/sanboin.mahajana.pl\/index.php?rest_route=\/wp\/v2\/users\/1"}],"replies":[{"embeddable":true,"href":"https:\/\/sanboin.mahajana.pl\/index.php?rest_route=%2Fwp%2Fv2%2Fcomments&post=9"}],"version-history":[{"count":5,"href":"https:\/\/sanboin.mahajana.pl\/index.php?rest_route=\/wp\/v2\/pages\/9\/revisions"}],"predecessor-version":[{"id":331,"href":"https:\/\/sanboin.mahajana.pl\/index.php?rest_route=\/wp\/v2\/pages\/9\/revisions\/331"}],"wp:featuredmedia":[{"embeddable":true,"href":"https:\/\/sanboin.mahajana.pl\/index.php?rest_route=\/wp\/v2\/media\/115"}],"wp:attachment":[{"href":"https:\/\/sanboin.mahajana.pl\/index.php?rest_route=%2Fwp%2Fv2%2Fmedia&parent=9"}],"curies":[{"name":"wp","href":"https:\/\/api.w.org\/{rel}","templated":true}]}}